{"id":1189,"date":"2022-08-03T19:49:36","date_gmt":"2022-08-03T19:49:36","guid":{"rendered":"https:\/\/govasectomy.com\/taller-de-pruebas\/"},"modified":"2023-04-14T15:51:42","modified_gmt":"2023-04-14T15:51:42","slug":"programar-vasectomia","status":"publish","type":"page","link":"https:\/\/govasectomy.com\/es\/programar-vasectomia\/","title":{"rendered":"Programar vasectom\u00eda &#8211; Elija su lugar, fecha y hora"},"content":{"rendered":"\t\t<div data-elementor-type=\"wp-page\" data-elementor-id=\"1189\" class=\"elementor elementor-1189 elementor-1184\" data-elementor-post-type=\"page\">\n\t\t\t\t\t\t<section class=\"elementor-section elementor-top-section elementor-element elementor-element-49fc603 elementor-section-boxed elementor-section-height-default elementor-section-height-default\" data-id=\"49fc603\" data-element_type=\"section\" data-e-type=\"section\">\n\t\t\t\t\t\t<div class=\"elementor-container elementor-column-gap-default\">\n\t\t\t\t\t<div class=\"elementor-column elementor-col-100 elementor-top-column elementor-element elementor-element-234c72d\" data-id=\"234c72d\" data-element_type=\"column\" data-e-type=\"column\">\n\t\t\t<div class=\"elementor-widget-wrap elementor-element-populated\">\n\t\t\t\t\t\t<div class=\"elementor-element elementor-element-b92bb3c elementor-widget elementor-widget-text-editor\" data-id=\"b92bb3c\" data-element_type=\"widget\" data-e-type=\"widget\" data-widget_type=\"text-editor.default\">\n\t\t\t\t<div class=\"elementor-widget-container\">\n\t\t\t\t\t\t\t\t\t<p>A continuaci\u00f3n, elija el lugar, la fecha y la hora. Si un lugar no tiene vacantes en el plazo que espera y viajar es una opci\u00f3n para usted, puede buscar vacantes en otros lugares.  <\/p>\n<p>A continuaci\u00f3n se presentan descuentos para alojamiento en Grand Junction y Glenwood Springs, si se desea, pero est\u00e1 bien para conducir despu\u00e9s de su procedimiento, siempre y cuando usted no est\u00e1 tomando la medicaci\u00f3n relajante.  <\/p>\n\t\t\t\t\t\t\t\t<\/div>\n\t\t\t\t<\/div>\n\t\t\t\t\t<\/div>\n\t\t<\/div>\n\t\t\t\t\t<\/div>\n\t\t<\/section>\n\t\t\t\t<section class=\"elementor-section elementor-top-section elementor-element elementor-element-5d83637 elementor-section-boxed elementor-section-height-default elementor-section-height-default\" data-id=\"5d83637\" data-element_type=\"section\" data-e-type=\"section\">\n\t\t\t\t\t\t<div class=\"elementor-container elementor-column-gap-default\">\n\t\t\t\t\t<div class=\"elementor-column elementor-col-100 elementor-top-column elementor-element elementor-element-c7e5bef\" data-id=\"c7e5bef\" data-element_type=\"column\" data-e-type=\"column\">\n\t\t\t<div class=\"elementor-widget-wrap elementor-element-populated\">\n\t\t\t\t\t\t<div class=\"elementor-element elementor-element-7abc8bc elementor-widget elementor-widget-html\" data-id=\"7abc8bc\" data-element_type=\"widget\" data-e-type=\"widget\" data-widget_type=\"html.default\">\n\t\t\t\t<div class=\"elementor-widget-container\">\n\t\t\t\t\t<script>(function (c) {window.intakeq=\"61fdb7978bb54a54d47298a8\";window.intakeqServiceId=\"0e3d4cd6-c81e-43b2-8f34-64d2d0a5360e\"; var i = c.createElement(\"script\");i.type = \"text\/javascript\";i.async = true;i.src = \"https:\/\/intakeq.com\/js\/widget.min.js?1\";document.head.appendChild(i);})(document);<\/script><div id=\"intakeq\" style=\"max-width:720px; width: 100%;\"><\/div>\t\t\t\t<\/div>\n\t\t\t\t<\/div>\n\t\t\t\t\t<\/div>\n\t\t<\/div>\n\t\t\t\t\t<\/div>\n\t\t<\/section>\n\t\t\t\t<section class=\"elementor-section elementor-top-section elementor-element elementor-element-30d05a1 elementor-section-boxed elementor-section-height-default elementor-section-height-default\" data-id=\"30d05a1\" data-element_type=\"section\" data-e-type=\"section\">\n\t\t\t\t\t\t<div class=\"elementor-container elementor-column-gap-default\">\n\t\t\t\t\t<div class=\"elementor-column elementor-col-100 elementor-top-column elementor-element elementor-element-a5fd4f6\" data-id=\"a5fd4f6\" data-element_type=\"column\" data-e-type=\"column\">\n\t\t\t<div class=\"elementor-widget-wrap elementor-element-populated\">\n\t\t\t\t\t\t<div class=\"elementor-element elementor-element-13a0934 elementor-widget elementor-widget-heading\" data-id=\"13a0934\" data-element_type=\"widget\" data-e-type=\"widget\" data-widget_type=\"heading.default\">\n\t\t\t\t<div class=\"elementor-widget-container\">\n\t\t\t\t\t<h2 class=\"elementor-heading-title elementor-size-default\">Suministros recomendados<\/h2>\t\t\t\t<\/div>\n\t\t\t\t<\/div>\n\t\t\t\t<section class=\"elementor-section elementor-inner-section elementor-element elementor-element-8290a6b elementor-section-boxed elementor-section-height-default elementor-section-height-default\" data-id=\"8290a6b\" data-element_type=\"section\" data-e-type=\"section\">\n\t\t\t\t\t\t<div class=\"elementor-container elementor-column-gap-default\">\n\t\t\t\t\t<div class=\"elementor-column elementor-col-33 elementor-inner-column elementor-element elementor-element-1e98abc\" data-id=\"1e98abc\" data-element_type=\"column\" data-e-type=\"column\">\n\t\t\t<div class=\"elementor-widget-wrap elementor-element-populated\">\n\t\t\t\t\t\t<div class=\"elementor-element elementor-element-44a9ef1 elementor-widget elementor-widget-image\" data-id=\"44a9ef1\" data-element_type=\"widget\" data-e-type=\"widget\" data-widget_type=\"image.default\">\n\t\t\t\t<div class=\"elementor-widget-container\">\n\t\t\t\t\t\t\t\t\t\t\t\t\t\t\t\t<a href=\"https:\/\/amzn.to\/3zbDbAW\" target=\"_blank\">\n\t\t\t\t\t\t\t<img fetchpriority=\"high\" decoding=\"async\" width=\"289\" height=\"300\" src=\"https:\/\/govasectomy.com\/wp-content\/uploads\/2022\/08\/Compression-Short-289x300.png\" class=\"attachment-medium size-medium wp-image-1219\" alt=\"Compression short\" srcset=\"https:\/\/govasectomy.com\/wp-content\/uploads\/2022\/08\/Compression-Short-289x300.png 289w, https:\/\/govasectomy.com\/wp-content\/uploads\/2022\/08\/Compression-Short-985x1024.png 985w, https:\/\/govasectomy.com\/wp-content\/uploads\/2022\/08\/Compression-Short-768x798.png 768w, https:\/\/govasectomy.com\/wp-content\/uploads\/2022\/08\/Compression-Short-600x624.png 600w, https:\/\/govasectomy.com\/wp-content\/uploads\/2022\/08\/Compression-Short.png 1108w\" sizes=\"(max-width: 289px) 100vw, 289px\" \/>\t\t\t\t\t\t\t\t<\/a>\n\t\t\t\t\t\t\t\t\t\t\t\t\t\t\t<\/div>\n\t\t\t\t<\/div>\n\t\t\t\t<div class=\"elementor-element elementor-element-3724d6e elementor-widget elementor-widget-text-editor\" data-id=\"3724d6e\" data-element_type=\"widget\" data-e-type=\"widget\" data-widget_type=\"text-editor.default\">\n\t\t\t\t<div class=\"elementor-widget-container\">\n\t\t\t\t\t\t\t\t\t<p id=\"title\" class=\"a-size-large a-spacing-none a-color-secondary\"><a href=\"https:\/\/amzn.to\/3zbDbAW\" target=\"_blank\" rel=\"noopener\"><span id=\"productTitle\" class=\"a-size-large product-title-word-break\">  Corto de compresi\u00f3n<\/span><\/a><\/p>\n<p>Por favor, lleve pantalones cortos de compresi\u00f3n a su cita. Mantendr\u00e1n una gasa en su lugar inmediatamente despu\u00e9s del procedimiento. Se recomiendan a tiempo completo durante 2 d\u00edas, y luego cuando se realiza actividad f\u00edsica durante la primera semana. Aceleran la cicatrizaci\u00f3n y ayudan a prevenir hemorragias o hinchazones.  <\/p>\n\t\t\t\t\t\t\t\t<\/div>\n\t\t\t\t<\/div>\n\t\t\t\t\t<\/div>\n\t\t<\/div>\n\t\t\t\t<div class=\"elementor-column elementor-col-33 elementor-inner-column elementor-element elementor-element-e1d113e\" data-id=\"e1d113e\" data-element_type=\"column\" data-e-type=\"column\">\n\t\t\t<div class=\"elementor-widget-wrap elementor-element-populated\">\n\t\t\t\t\t\t<div class=\"elementor-element elementor-element-d0e736e elementor-widget elementor-widget-image\" data-id=\"d0e736e\" data-element_type=\"widget\" data-e-type=\"widget\" data-widget_type=\"image.default\">\n\t\t\t\t<div class=\"elementor-widget-container\">\n\t\t\t\t\t\t\t\t\t\t\t\t\t\t\t\t<a href=\"https:\/\/amzn.to\/3fcNk9K\" target=\"_blank\">\n\t\t\t\t\t\t\t<img decoding=\"async\" width=\"257\" height=\"300\" src=\"https:\/\/govasectomy.com\/wp-content\/uploads\/2022\/10\/81V0sUov-sL._AC_SL1500_-257x300.jpg\" class=\"attachment-medium size-medium wp-image-1466\" alt=\"Hand warmer\" srcset=\"https:\/\/govasectomy.com\/wp-content\/uploads\/2022\/10\/81V0sUov-sL._AC_SL1500_-257x300.jpg 257w, https:\/\/govasectomy.com\/wp-content\/uploads\/2022\/10\/81V0sUov-sL._AC_SL1500_-879x1024.jpg 879w, https:\/\/govasectomy.com\/wp-content\/uploads\/2022\/10\/81V0sUov-sL._AC_SL1500_-768x895.jpg 768w, https:\/\/govasectomy.com\/wp-content\/uploads\/2022\/10\/81V0sUov-sL._AC_SL1500_.jpg 1287w\" sizes=\"(max-width: 257px) 100vw, 257px\" \/>\t\t\t\t\t\t\t\t<\/a>\n\t\t\t\t\t\t\t\t\t\t\t\t\t\t\t<\/div>\n\t\t\t\t<\/div>\n\t\t\t\t<div class=\"elementor-element elementor-element-8baa0e2 elementor-widget elementor-widget-text-editor\" data-id=\"8baa0e2\" data-element_type=\"widget\" data-e-type=\"widget\" data-widget_type=\"text-editor.default\">\n\t\t\t\t<div class=\"elementor-widget-container\">\n\t\t\t\t\t\t\t\t\t<p><a href=\"https:\/\/amzn.to\/3D6NuqU\" target=\"_blank\" rel=\"noopener\">Calentador de manos<\/a><\/p>\n<p>Coloque un calentador de manos individual en su pantal\u00f3n corto de compresi\u00f3n junto al escroto (saco de bolas) una hora antes de su cita. Esto ayuda a relajar el escroto y hace que el procedimiento sea m\u00e1s c\u00f3modo y eficaz.<\/p>\n\t\t\t\t\t\t\t\t<\/div>\n\t\t\t\t<\/div>\n\t\t\t\t\t<\/div>\n\t\t<\/div>\n\t\t\t\t<div class=\"elementor-column elementor-col-33 elementor-inner-column elementor-element elementor-element-3f48000\" data-id=\"3f48000\" data-element_type=\"column\" data-e-type=\"column\">\n\t\t\t<div class=\"elementor-widget-wrap elementor-element-populated\">\n\t\t\t\t\t\t<div class=\"elementor-element elementor-element-159fee4 elementor-widget elementor-widget-image\" data-id=\"159fee4\" data-element_type=\"widget\" data-e-type=\"widget\" data-widget_type=\"image.default\">\n\t\t\t\t<div class=\"elementor-widget-container\">\n\t\t\t\t\t\t\t\t\t\t\t\t\t\t\t\t<a href=\"https:\/\/amzn.to\/3D2wwu2\" target=\"_blank\">\n\t\t\t\t\t\t\t<img decoding=\"async\" width=\"253\" height=\"300\" src=\"https:\/\/govasectomy.com\/wp-content\/uploads\/2022\/08\/Spermcheck-Vasectomy-253x300.png\" class=\"attachment-medium size-medium wp-image-1250\" alt=\"\" srcset=\"https:\/\/govasectomy.com\/wp-content\/uploads\/2022\/08\/Spermcheck-Vasectomy-253x300.png 253w, https:\/\/govasectomy.com\/wp-content\/uploads\/2022\/08\/Spermcheck-Vasectomy.png 756w\" sizes=\"(max-width: 253px) 100vw, 253px\" \/>\t\t\t\t\t\t\t\t<\/a>\n\t\t\t\t\t\t\t\t\t\t\t\t\t\t\t<\/div>\n\t\t\t\t<\/div>\n\t\t\t\t<div class=\"elementor-element elementor-element-baf8aaa elementor-widget elementor-widget-text-editor\" data-id=\"baf8aaa\" data-element_type=\"widget\" data-e-type=\"widget\" data-widget_type=\"text-editor.default\">\n\t\t\t\t<div class=\"elementor-widget-container\">\n\t\t\t\t\t\t\t\t\t<p id=\"title\" class=\"a-size-large a-spacing-none\"><a href=\"https:\/\/amzn.to\/3D2YAxk\" target=\"_blank\" rel=\"noopener\"><span id=\"productTitle\" class=\"a-size-large product-title-word-break\">Kit de prueba casero para vasectom\u00eda Spermcheck  <\/span><\/a><\/p>\n<p>Se utiliza 8 semanas despu\u00e9s de la vasectom\u00eda para asegurarse de que el recuento de espermatozoides es lo suficientemente bajo como para dejar de utilizar otros m\u00e9todos anticonceptivos. Se trata de una prueba casera, por lo que preparar\u00e1 la muestra en casa, la analizar\u00e1 y conocer\u00e1 los resultados inmediatamente.<\/p>\n\t\t\t\t\t\t\t\t<\/div>\n\t\t\t\t<\/div>\n\t\t\t\t\t<\/div>\n\t\t<\/div>\n\t\t\t\t\t<\/div>\n\t\t<\/section>\n\t\t\t\t\t<\/div>\n\t\t<\/div>\n\t\t\t\t\t<\/div>\n\t\t<\/section>\n\t\t\t\t<section class=\"elementor-section elementor-top-section elementor-element elementor-element-f0ed6ed elementor-section-boxed elementor-section-height-default elementor-section-height-default\" data-id=\"f0ed6ed\" data-element_type=\"section\" data-e-type=\"section\">\n\t\t\t\t\t\t<div class=\"elementor-container elementor-column-gap-default\">\n\t\t\t\t\t<div class=\"elementor-column elementor-col-100 elementor-top-column elementor-element elementor-element-a8b9169\" data-id=\"a8b9169\" data-element_type=\"column\" data-e-type=\"column\">\n\t\t\t<div class=\"elementor-widget-wrap elementor-element-populated\">\n\t\t\t\t\t\t<div class=\"elementor-element elementor-element-a06bd1f elementor-widget elementor-widget-heading\" data-id=\"a06bd1f\" data-element_type=\"widget\" data-e-type=\"widget\" data-widget_type=\"heading.default\">\n\t\t\t\t<div class=\"elementor-widget-container\">\n\t\t\t\t\t<h2 class=\"elementor-heading-title elementor-size-default\">Opciones de alojamiento<\/h2>\t\t\t\t<\/div>\n\t\t\t\t<\/div>\n\t\t\t\t<section class=\"elementor-section elementor-inner-section elementor-element elementor-element-e8715f5 elementor-section-boxed elementor-section-height-default elementor-section-height-default\" data-id=\"e8715f5\" data-element_type=\"section\" data-e-type=\"section\">\n\t\t\t\t\t\t<div class=\"elementor-container elementor-column-gap-default\">\n\t\t\t\t\t<div class=\"elementor-column elementor-col-50 elementor-inner-column elementor-element elementor-element-17f0c09\" data-id=\"17f0c09\" data-element_type=\"column\" data-e-type=\"column\">\n\t\t\t<div class=\"elementor-widget-wrap elementor-element-populated\">\n\t\t\t\t\t\t<div class=\"elementor-element elementor-element-5ec10f4 elementor-widget elementor-widget-image\" data-id=\"5ec10f4\" data-element_type=\"widget\" data-e-type=\"widget\" data-widget_type=\"image.default\">\n\t\t\t\t<div class=\"elementor-widget-container\">\n\t\t\t\t\t\t\t\t\t\t\t\t\t\t\t\t<a href=\"https:\/\/www.thehotelmaverick.com\/\" target=\"_blank\">\n\t\t\t\t\t\t\t<img loading=\"lazy\" decoding=\"async\" width=\"300\" height=\"203\" src=\"https:\/\/govasectomy.com\/wp-content\/uploads\/2023\/03\/Hotel-Maverick-Grand-Junction-300x203.png\" class=\"attachment-medium size-medium wp-image-1971\" alt=\"Hotel Maverick Grand Junction\" srcset=\"https:\/\/govasectomy.com\/wp-content\/uploads\/2023\/03\/Hotel-Maverick-Grand-Junction-300x203.png 300w, https:\/\/govasectomy.com\/wp-content\/uploads\/2023\/03\/Hotel-Maverick-Grand-Junction-1024x693.png 1024w, https:\/\/govasectomy.com\/wp-content\/uploads\/2023\/03\/Hotel-Maverick-Grand-Junction-768x520.png 768w, https:\/\/govasectomy.com\/wp-content\/uploads\/2023\/03\/Hotel-Maverick-Grand-Junction.png 1322w\" sizes=\"(max-width: 300px) 100vw, 300px\" \/>\t\t\t\t\t\t\t\t<\/a>\n\t\t\t\t\t\t\t\t\t\t\t\t\t\t\t<\/div>\n\t\t\t\t<\/div>\n\t\t\t\t<div class=\"elementor-element elementor-element-dfc25f2 elementor-widget elementor-widget-text-editor\" data-id=\"dfc25f2\" data-element_type=\"widget\" data-e-type=\"widget\" data-widget_type=\"text-editor.default\">\n\t\t\t\t<div class=\"elementor-widget-container\">\n\t\t\t\t\t\t\t\t\t<p id=\"title\" class=\"a-size-large a-spacing-none a-color-secondary\"><a href=\"https:\/\/www.thehotelmaverick.com\/\" target=\"_blank\" rel=\"noopener\">Hotel Maverick Grand Junction  <\/a><\/p>\n<p>El Hotel Maverick de Grand Junction ofrece un descuento del 20% a los clientes de Go Vasectomy. Para beneficiarse de este descuento, llame al Hotel y solicite la tarifa corporativa para Go Vasectomy.<a href=\"tel:9708224888\">(970)822-4888<\/a><\/p>\n\t\t\t\t\t\t\t\t<\/div>\n\t\t\t\t<\/div>\n\t\t\t\t\t<\/div>\n\t\t<\/div>\n\t\t\t\t<div class=\"elementor-column elementor-col-50 elementor-inner-column elementor-element elementor-element-a456764\" data-id=\"a456764\" data-element_type=\"column\" data-e-type=\"column\">\n\t\t\t<div class=\"elementor-widget-wrap elementor-element-populated\">\n\t\t\t\t\t\t<div class=\"elementor-element elementor-element-a49be9b elementor-widget elementor-widget-image\" data-id=\"a49be9b\" data-element_type=\"widget\" data-e-type=\"widget\" data-widget_type=\"image.default\">\n\t\t\t\t<div class=\"elementor-widget-container\">\n\t\t\t\t\t\t\t\t\t\t\t\t\t\t\t\t<a href=\"https:\/\/www.marriott.com\/event-reservations\/reservation-link.mi?id=1673291135927&#038;key=CORP&#038;app=resvlink\" target=\"_blank\">\n\t\t\t\t\t\t\t<img loading=\"lazy\" decoding=\"async\" width=\"252\" height=\"168\" src=\"https:\/\/govasectomy.com\/wp-content\/uploads\/2023\/03\/Residence-Inn-and-Courtyard-Glenwood-Springs.jpeg\" class=\"attachment-full size-full wp-image-1973\" alt=\"Residence Inn and Courtyard Glenwood Springs\" \/>\t\t\t\t\t\t\t\t<\/a>\n\t\t\t\t\t\t\t\t\t\t\t\t\t\t\t<\/div>\n\t\t\t\t<\/div>\n\t\t\t\t<div class=\"elementor-element elementor-element-f9fcd7f elementor-widget elementor-widget-text-editor\" data-id=\"f9fcd7f\" data-element_type=\"widget\" data-e-type=\"widget\" data-widget_type=\"text-editor.default\">\n\t\t\t\t<div class=\"elementor-widget-container\">\n\t\t\t\t\t\t\t\t\t<p><a href=\"https:\/\/www.marriott.com\/event-reservations\/reservation-link.mi?id=1673291135927&amp;key=CORP&amp;app=resvlink\" target=\"_blank\" rel=\"noopener\">Residence Inn y Courtyard Glenwood Springs  <\/a><\/p>\n<p>Pague una tarifa con descuento de 139 $\/noche de junio a septiembre y 119 $\/noche el resto del a\u00f1o. Utilice este <a href=\"https:\/\/www.marriott.com\/event-reservations\/reservation-link.mi?id=1673291135927&amp;key=CORP&amp;app=resvlink\" target=\"_blank\" rel=\"noopener\">ENLACE<\/a> para reservar.  <\/p>\n\t\t\t\t\t\t\t\t<\/div>\n\t\t\t\t<\/div>\n\t\t\t\t\t<\/div>\n\t\t<\/div>\n\t\t\t\t\t<\/div>\n\t\t<\/section>\n\t\t\t\t\t<\/div>\n\t\t<\/div>\n\t\t\t\t\t<\/div>\n\t\t<\/section>\n\t\t\t\t<\/div>\n\t\t","protected":false},"excerpt":{"rendered":"<p>A continuaci\u00f3n, elija el lugar, la fecha y la hora. Si un lugar no tiene vacantes en el plazo que espera y viajar es una opci\u00f3n para usted, puede buscar vacantes en otros lugares. A continuaci\u00f3n se presentan descuentos para alojamiento en Grand Junction y Glenwood Springs, si se desea, pero est\u00e1 bien para conducir [&hellip;]<\/p>\n","protected":false},"author":5778,"featured_media":0,"parent":0,"menu_order":0,"comment_status":"closed","ping_status":"closed","template":"","meta":{"_seopress_robots_primary_cat":"","_seopress_titles_title":"Programar su vasectomia","_seopress_titles_desc":"","_seopress_robots_index":"","footnotes":""},"class_list":["post-1189","page","type-page","status-publish","hentry"],"_links":{"self":[{"href":"https:\/\/govasectomy.com\/es\/wp-json\/wp\/v2\/pages\/1189","targetHints":{"allow":["GET"]}}],"collection":[{"href":"https:\/\/govasectomy.com\/es\/wp-json\/wp\/v2\/pages"}],"about":[{"href":"https:\/\/govasectomy.com\/es\/wp-json\/wp\/v2\/types\/page"}],"author":[{"embeddable":true,"href":"https:\/\/govasectomy.com\/es\/wp-json\/wp\/v2\/users\/5778"}],"replies":[{"embeddable":true,"href":"https:\/\/govasectomy.com\/es\/wp-json\/wp\/v2\/comments?post=1189"}],"version-history":[{"count":4,"href":"https:\/\/govasectomy.com\/es\/wp-json\/wp\/v2\/pages\/1189\/revisions"}],"predecessor-version":[{"id":2096,"href":"https:\/\/govasectomy.com\/es\/wp-json\/wp\/v2\/pages\/1189\/revisions\/2096"}],"wp:attachment":[{"href":"https:\/\/govasectomy.com\/es\/wp-json\/wp\/v2\/media?parent=1189"}],"curies":[{"name":"wp","href":"https:\/\/api.w.org\/{rel}","templated":true}]}}