{"id":1369,"date":"2022-10-20T18:30:42","date_gmt":"2022-10-20T18:30:42","guid":{"rendered":"https:\/\/govasectomy.com\/cuidados-posteriores\/"},"modified":"2026-01-04T16:12:12","modified_gmt":"2026-01-04T16:12:12","slug":"cuidados-posteriores","status":"publish","type":"page","link":"https:\/\/govasectomy.com\/es\/cuidados-posteriores\/","title":{"rendered":"Cuidados posvasectom\u00eda para una curaci\u00f3n \u00f3ptima"},"content":{"rendered":"\t\t<div data-elementor-type=\"wp-page\" data-elementor-id=\"1369\" class=\"elementor elementor-1369 elementor-1367\" data-elementor-post-type=\"page\">\n\t\t\t\t\t\t<section class=\"elementor-section elementor-top-section elementor-element elementor-element-80daa77 elementor-section-boxed elementor-section-height-default elementor-section-height-default\" data-id=\"80daa77\" data-element_type=\"section\" data-e-type=\"section\">\n\t\t\t\t\t\t<div class=\"elementor-container elementor-column-gap-default\">\n\t\t\t\t\t<div class=\"elementor-column elementor-col-100 elementor-top-column elementor-element elementor-element-27623f9\" data-id=\"27623f9\" data-element_type=\"column\" data-e-type=\"column\">\n\t\t\t<div class=\"elementor-widget-wrap elementor-element-populated\">\n\t\t\t\t\t\t<div class=\"elementor-element elementor-element-bf19b33 elementor-widget elementor-widget-heading\" data-id=\"bf19b33\" data-element_type=\"widget\" data-e-type=\"widget\" data-widget_type=\"heading.default\">\n\t\t\t\t<div class=\"elementor-widget-container\">\n\t\t\t\t\t<h2 class=\"elementor-heading-title elementor-size-default\">C\u00f3mo cuidarse despu\u00e9s de la vasectom\u00eda<\/h2>\t\t\t\t<\/div>\n\t\t\t\t<\/div>\n\t\t\t\t\t<\/div>\n\t\t<\/div>\n\t\t\t\t\t<\/div>\n\t\t<\/section>\n\t\t\t\t<section class=\"elementor-section elementor-top-section elementor-element elementor-element-b54bb9e elementor-section-boxed elementor-section-height-default elementor-section-height-default\" data-id=\"b54bb9e\" data-element_type=\"section\" data-e-type=\"section\">\n\t\t\t\t\t\t<div class=\"elementor-container elementor-column-gap-default\">\n\t\t\t\t\t<div class=\"elementor-column elementor-col-100 elementor-top-column elementor-element elementor-element-49be208\" data-id=\"49be208\" data-element_type=\"column\" data-e-type=\"column\">\n\t\t\t<div class=\"elementor-widget-wrap elementor-element-populated\">\n\t\t\t\t\t\t<div class=\"elementor-element elementor-element-cd223f1 elementor-widget elementor-widget-heading\" data-id=\"cd223f1\" data-element_type=\"widget\" data-e-type=\"widget\" data-widget_type=\"heading.default\">\n\t\t\t\t<div class=\"elementor-widget-container\">\n\t\t\t\t\t<h3 class=\"elementor-heading-title elementor-size-default\">\u00bfQu\u00e9 debo hacer?<\/h3>\t\t\t\t<\/div>\n\t\t\t\t<\/div>\n\t\t\t\t<div class=\"elementor-element elementor-element-8f61515 elementor-widget elementor-widget-text-editor\" data-id=\"8f61515\" data-element_type=\"widget\" data-e-type=\"widget\" data-widget_type=\"text-editor.default\">\n\t\t\t\t<div class=\"elementor-widget-container\">\n\t\t\t\t\t\t\t\t\t<ul><li style=\"font-weight: 400;\" aria-level=\"1\"><b>D\u00eda del procedimiento:<\/b><span style=\"font-weight: 400;\">  Tras el procedimiento, t\u00f3matelo con mucha calma en el sof\u00e1, la cama o el sill\u00f3n reclinable. \u00a1Relajarse! Tomar paracetamol (1000 mg cada 6 horas) o ibuprofeno (600-800 mg cada 6 horas) para el dolor. Retira la gasa \u00bd-1 d\u00eda despu\u00e9s del procedimiento.<\/span><\/li><li style=\"font-weight: 400;\" aria-level=\"1\"><b>D\u00eda siguiente a la intervenci\u00f3n:  <\/b><span style=\"font-weight: 400;\">Puedes andar y conducir tanto como quieras, pero nada de hacer deporte, trabajar en el jard\u00edn, nadar o levantar objetos pesados. Si su trabajo es sedentario (trabajo de oficina o supervisor), puede volver a trabajar.<\/span><\/li><li style=\"font-weight: 400;\" aria-level=\"1\"><b>Segundo d\u00eda despu\u00e9s del procedimiento:<\/b><span style=\"font-weight: 400;\">  Puede volver a realizar trabajos y ejercicios m\u00e1s intensos. Cuando se resuelvan las molestias, podr\u00e1 volver a la actividad normal y al ejercicio. Esto es generalmente dentro de 3-4 d\u00edas.<\/span><\/li><li style=\"font-weight: 400;\" aria-level=\"1\"><b>Utilice los calzoncillos de compresi\u00f3n<\/b><span style=\"font-weight: 400;\"> a tiempo completo durante los dos primeros d\u00edas y durante la primera semana si realiza ejercicios extenuantes.<\/span><\/li><li style=\"font-weight: 400;\" aria-level=\"1\"><b>Reanudar las relaciones sexuales o la eyaculaci\u00f3n<\/b><span style=\"font-weight: 400;\">  despu\u00e9s de al menos un d\u00eda y cuando no tengas dolor. Consulta <a href=\"https:\/\/govasectomy.com\/es\/reanudacion-de-las-relaciones-sexuales-o-de-la-eyaculacion-tras-la-vasectomia\/\" target=\"_blank\" rel=\"noopener\">AQU\u00cd<\/a> para obtener m\u00e1s informaci\u00f3n.   <\/span><\/li><li style=\"font-weight: 400;\" aria-level=\"1\"><b>Ba\u00f1o<\/b><span style=\"font-weight: 400;\">: Est\u00e1 bien ducharse en cualquier momento, pero no te sumerjas en agua (ba\u00f1era, piscina, jacuzzi) durante los 2 primeros d\u00edas. <\/span> <\/li><\/ul>\t\t\t\t\t\t\t\t<\/div>\n\t\t\t\t<\/div>\n\t\t\t\t\t<\/div>\n\t\t<\/div>\n\t\t\t\t\t<\/div>\n\t\t<\/section>\n\t\t\t\t<section class=\"elementor-section elementor-top-section elementor-element elementor-element-1688646 elementor-section-boxed elementor-section-height-default elementor-section-height-default\" data-id=\"1688646\" data-element_type=\"section\" data-e-type=\"section\">\n\t\t\t\t\t\t<div class=\"elementor-container elementor-column-gap-default\">\n\t\t\t\t\t<div class=\"elementor-column elementor-col-100 elementor-top-column elementor-element elementor-element-c5f4e3c\" data-id=\"c5f4e3c\" data-element_type=\"column\" data-e-type=\"column\">\n\t\t\t<div class=\"elementor-widget-wrap elementor-element-populated\">\n\t\t\t\t\t\t<div class=\"elementor-element elementor-element-d4ff650 elementor-widget elementor-widget-heading\" data-id=\"d4ff650\" data-element_type=\"widget\" data-e-type=\"widget\" data-widget_type=\"heading.default\">\n\t\t\t\t<div class=\"elementor-widget-container\">\n\t\t\t\t\t<h3 class=\"elementor-heading-title elementor-size-default\">Razones para contactar con el Dr. Tonozzi<\/h3>\t\t\t\t<\/div>\n\t\t\t\t<\/div>\n\t\t\t\t\t<\/div>\n\t\t<\/div>\n\t\t\t\t\t<\/div>\n\t\t<\/section>\n\t\t\t\t<section class=\"elementor-section elementor-top-section elementor-element elementor-element-118f2eb elementor-section-boxed elementor-section-height-default elementor-section-height-default\" data-id=\"118f2eb\" data-element_type=\"section\" data-e-type=\"section\">\n\t\t\t\t\t\t<div class=\"elementor-container elementor-column-gap-default\">\n\t\t\t\t\t<div class=\"elementor-column elementor-col-100 elementor-top-column elementor-element elementor-element-7cde505\" data-id=\"7cde505\" data-element_type=\"column\" data-e-type=\"column\">\n\t\t\t<div class=\"elementor-widget-wrap elementor-element-populated\">\n\t\t\t\t\t\t<div class=\"elementor-element elementor-element-48fe5ce elementor-widget elementor-widget-text-editor\" data-id=\"48fe5ce\" data-element_type=\"widget\" data-e-type=\"widget\" data-widget_type=\"text-editor.default\">\n\t\t\t\t<div class=\"elementor-widget-container\">\n\t\t\t\t\t\t\t\t\t<ul>\n \t<li style=\"font-weight: 400;\" aria-level=\"1\"><span style=\"font-weight: 400;\">Tienes <\/span><b>hemorragia incontrolada<\/b><span style=\"font-weight: 400;\"> (una mancha de sangre en la gasa es normal)<\/span><\/li>\n \t<li style=\"font-weight: 400;\" aria-level=\"1\"><span style=\"font-weight: 400;\">Tienes <\/span><b>bulto que se desarrolla en el primer d\u00eda<\/b><span style=\"font-weight: 400;\"> del tama\u00f1o de una canica o m\u00e1s grande<\/span><\/li>\n \t<li style=\"font-weight: 400;\" aria-level=\"1\"><span style=\"font-weight: 400;\">Tienes <\/span><b>signos de infecci\u00f3n<\/b><span style=\"font-weight: 400;\">como una zona caliente, roja y sensible en la piel. <\/span> <\/li>\n \t<li style=\"font-weight: 400;\" aria-level=\"1\">Tu <b style=\"font-family: -apple-system, BlinkMacSystemFont, 'Segoe UI', Roboto, 'Helvetica Neue', Arial, 'Noto Sans', sans-serif, 'Apple Color Emoji', 'Segoe UI Emoji', 'Segoe UI Symbol', 'Noto Color Emoji';\">dolor no est\u00e1 controlado <\/b><span style=\"font-weight: 400;\">y est\u00e1s utilizando dosis m\u00e1ximas de ibuprofeno y paracetamol.<\/span><\/li>\n \t<li style=\"list-style-type: none;\">\n \t<\/li><li style=\"list-style-type: none;\">\n<\/li><\/ul>\t\t\t\t\t\t\t\t<\/div>\n\t\t\t\t<\/div>\n\t\t\t\t\t<\/div>\n\t\t<\/div>\n\t\t\t\t\t<\/div>\n\t\t<\/section>\n\t\t\t\t<section class=\"elementor-section elementor-top-section elementor-element elementor-element-1c35411 elementor-section-boxed elementor-section-height-default elementor-section-height-default\" data-id=\"1c35411\" data-element_type=\"section\" data-e-type=\"section\">\n\t\t\t\t\t\t<div class=\"elementor-container elementor-column-gap-default\">\n\t\t\t\t\t<div class=\"elementor-column elementor-col-100 elementor-top-column elementor-element elementor-element-dac7f47\" data-id=\"dac7f47\" data-element_type=\"column\" data-e-type=\"column\">\n\t\t\t<div class=\"elementor-widget-wrap elementor-element-populated\">\n\t\t\t\t\t\t<div class=\"elementor-element elementor-element-95de317 elementor-widget elementor-widget-heading\" data-id=\"95de317\" data-element_type=\"widget\" data-e-type=\"widget\" data-widget_type=\"heading.default\">\n\t\t\t\t<div class=\"elementor-widget-container\">\n\t\t\t\t\t<h3 class=\"elementor-heading-title elementor-size-default\">Qu\u00e9 es normal<\/h3>\t\t\t\t<\/div>\n\t\t\t\t<\/div>\n\t\t\t\t\t<\/div>\n\t\t<\/div>\n\t\t\t\t\t<\/div>\n\t\t<\/section>\n\t\t\t\t<section class=\"elementor-section elementor-top-section elementor-element elementor-element-33dacf7 elementor-section-boxed elementor-section-height-default elementor-section-height-default\" data-id=\"33dacf7\" data-element_type=\"section\" data-e-type=\"section\">\n\t\t\t\t\t\t<div class=\"elementor-container elementor-column-gap-default\">\n\t\t\t\t\t<div class=\"elementor-column elementor-col-100 elementor-top-column elementor-element elementor-element-8f50afd\" data-id=\"8f50afd\" data-element_type=\"column\" data-e-type=\"column\">\n\t\t\t<div class=\"elementor-widget-wrap elementor-element-populated\">\n\t\t\t\t\t\t<div class=\"elementor-element elementor-element-8c9bcf0 elementor-widget elementor-widget-text-editor\" data-id=\"8c9bcf0\" data-element_type=\"widget\" data-e-type=\"widget\" data-widget_type=\"text-editor.default\">\n\t\t\t\t<div class=\"elementor-widget-container\">\n\t\t\t\t\t\t\t\t\t<ul><li style=\"font-weight: 400;\" aria-level=\"1\"><b>Moratones<\/b><span style=\"font-weight: 400;\">  en el escroto, el pene, el vientre o los muslos. Puede ser muy oscuro. Se resolver\u00e1 en 3-4 semanas  <\/span><\/li><li style=\"font-weight: 400;\" aria-level=\"1\"><b>Sangre en el semen<\/b><span style=\"font-weight: 400;\"> en las primeras 4 semanas. <\/span> <\/li><li style=\"font-weight: 400;\" aria-level=\"1\"><b>Desmayos<\/b><span style=\"font-weight: 400;\">  despu\u00e9s de la vasectom\u00eda. Si sientes calor, sudor, n\u00e1useas, puedes estar a punto de desmayarte. Si est\u00e1s conduciendo, es muy importante que te detengas. Si te llevan en coche, advierte a tu conductor de esta posibilidad.     <\/span><\/li><li style=\"font-weight: 400;\" aria-level=\"1\"><b>Terr\u00f3n<\/b><span style=\"font-weight: 400;\">  que se desarrollan en el lugar de la separaci\u00f3n del conducto deferente entre los 3 d\u00edas y los 6 meses. Es probable que se trate de espermatozoides que han salido por el extremo cortado del conducto deferente. Esto es normal y se resolver\u00e1 a lo largo de varios meses. Consulta <a href=\"https:\/\/govasectomy.com\/es\/granuloma-espermatico\/\">AQU\u00cd<\/a> para obtener m\u00e1s informaci\u00f3n.     <\/span><\/li><\/ul>\t\t\t\t\t\t\t\t<\/div>\n\t\t\t\t<\/div>\n\t\t\t\t\t<\/div>\n\t\t<\/div>\n\t\t\t\t\t<\/div>\n\t\t<\/section>\n\t\t\t\t<section class=\"elementor-section elementor-top-section elementor-element elementor-element-2675855 elementor-section-boxed elementor-section-height-default elementor-section-height-default\" data-id=\"2675855\" data-element_type=\"section\" data-e-type=\"section\">\n\t\t\t\t\t\t<div class=\"elementor-container elementor-column-gap-default\">\n\t\t\t\t\t<div class=\"elementor-column elementor-col-100 elementor-top-column elementor-element elementor-element-2e86881\" data-id=\"2e86881\" data-element_type=\"column\" data-e-type=\"column\">\n\t\t\t<div class=\"elementor-widget-wrap elementor-element-populated\">\n\t\t\t\t\t\t<div class=\"elementor-element elementor-element-93911f4 elementor-widget elementor-widget-heading\" data-id=\"93911f4\" data-element_type=\"widget\" data-e-type=\"widget\" data-widget_type=\"heading.default\">\n\t\t\t\t<div class=\"elementor-widget-container\">\n\t\t\t\t\t<h3 class=\"elementor-heading-title elementor-size-default\">An\u00e1lisis de semen<\/h3>\t\t\t\t<\/div>\n\t\t\t\t<\/div>\n\t\t\t\t\t<\/div>\n\t\t<\/div>\n\t\t\t\t\t<\/div>\n\t\t<\/section>\n\t\t\t\t<section class=\"elementor-section elementor-top-section elementor-element elementor-element-1b541f7 elementor-section-boxed elementor-section-height-default elementor-section-height-default\" data-id=\"1b541f7\" data-element_type=\"section\" data-e-type=\"section\">\n\t\t\t\t\t\t<div class=\"elementor-container elementor-column-gap-default\">\n\t\t\t\t\t<div class=\"elementor-column elementor-col-100 elementor-top-column elementor-element elementor-element-ab64267\" data-id=\"ab64267\" data-element_type=\"column\" data-e-type=\"column\">\n\t\t\t<div class=\"elementor-widget-wrap elementor-element-populated\">\n\t\t\t\t\t\t<div class=\"elementor-element elementor-element-f8ddf71 elementor-widget elementor-widget-text-editor\" data-id=\"f8ddf71\" data-element_type=\"widget\" data-e-type=\"widget\" data-widget_type=\"text-editor.default\">\n\t\t\t\t<div class=\"elementor-widget-container\">\n\t\t\t\t\t\t\t\t\t<p><span style=\"font-weight: 400;\">Sigue utilizando anticonceptivos hasta que hayas realizado con \u00e9xito la prueba de semen. Consulta <a href=\"https:\/\/govasectomy.com\/es\/analisis-de-semen-tras-la-vasectomia\/\">AQU\u00cd<\/a> para obtener m\u00e1s informaci\u00f3n sobre el an\u00e1lisis de semen. Se recomienda que dos meses despu\u00e9s de la vasectom\u00eda hagas un an\u00e1lisis de semen casero utilizando \u00ab<a href=\"https:\/\/spermcheck.com\/vasectomy-test\/\" target=\"_blank\" rel=\"noopener\">SpermCheck Vasectomy<\/a>\u00ab.   Si tiene dos resultados de \u00abrecuento bajo\u00bb, puede dejar de utilizar otros m\u00e9todos anticonceptivos. Si es \u00abrecuento alto\u00bb, repita el SpermCheck un mes despu\u00e9s. Si sigue siendo \u00abrecuento alto\u00bb, ponte en contacto con el Dr. Tonozzi para elaborar un plan.  <\/span><\/p>\t\t\t\t\t\t\t\t<\/div>\n\t\t\t\t<\/div>\n\t\t\t\t\t<\/div>\n\t\t<\/div>\n\t\t\t\t\t<\/div>\n\t\t<\/section>\n\t\t\t\t<section class=\"elementor-section elementor-top-section elementor-element elementor-element-861bff8 elementor-section-boxed elementor-section-height-default elementor-section-height-default\" data-id=\"861bff8\" data-element_type=\"section\" data-e-type=\"section\">\n\t\t\t\t\t\t<div class=\"elementor-container elementor-column-gap-default\">\n\t\t\t\t\t<div class=\"elementor-column elementor-col-100 elementor-top-column elementor-element elementor-element-8934d38\" data-id=\"8934d38\" data-element_type=\"column\" data-e-type=\"column\">\n\t\t\t<div class=\"elementor-widget-wrap elementor-element-populated\">\n\t\t\t\t\t\t<div class=\"elementor-element elementor-element-a0c5f87 elementor-widget elementor-widget-video\" data-id=\"a0c5f87\" data-element_type=\"widget\" data-e-type=\"widget\" data-settings=\"{&quot;youtube_url&quot;:&quot;https:\\\/\\\/youtu.be\\\/bnNLbxAN_lM&quot;,&quot;video_type&quot;:&quot;youtube&quot;,&quot;controls&quot;:&quot;yes&quot;}\" data-widget_type=\"video.default\">\n\t\t\t\t<div class=\"elementor-widget-container\">\n\t\t\t\t\t\t\t<div class=\"elementor-wrapper elementor-open-inline\">\n\t\t\t<div class=\"elementor-video\"><\/div>\t\t<\/div>\n\t\t\t\t\t\t<\/div>\n\t\t\t\t<\/div>\n\t\t\t\t\t<\/div>\n\t\t<\/div>\n\t\t\t\t\t<\/div>\n\t\t<\/section>\n\t\t\t\t<\/div>\n\t\t","protected":false},"excerpt":{"rendered":"<p>C\u00f3mo cuidarse despu\u00e9s de la vasectom\u00eda \u00bfQu\u00e9 debo hacer? D\u00eda del procedimiento: Tras el procedimiento, t\u00f3matelo con mucha calma en el sof\u00e1, la cama o el sill\u00f3n reclinable. \u00a1Relajarse! Tomar paracetamol (1000 mg cada 6 horas) o ibuprofeno (600-800 mg cada 6 horas) para el dolor. Retira la gasa \u00bd-1 d\u00eda despu\u00e9s del procedimiento. D\u00eda [&hellip;]<\/p>\n","protected":false},"author":5778,"featured_media":0,"parent":0,"menu_order":0,"comment_status":"closed","ping_status":"closed","template":"","meta":{"_seopress_robots_primary_cat":"","_seopress_titles_title":"Cuidados posvasectom\u00eda para una curaci\u00f3n \u00f3ptima","_seopress_titles_desc":"Cuidar de s\u00ed mismo despu\u00e9s de la vasectom\u00eda es una parte clave para sanar completamente con problemas m\u00ednimos. Lea aqu\u00ed nuestra gu\u00eda de cuidados postoperatorios.","_seopress_robots_index":"","footnotes":""},"class_list":["post-1369","page","type-page","status-publish","hentry"],"_links":{"self":[{"href":"https:\/\/govasectomy.com\/es\/wp-json\/wp\/v2\/pages\/1369","targetHints":{"allow":["GET"]}}],"collection":[{"href":"https:\/\/govasectomy.com\/es\/wp-json\/wp\/v2\/pages"}],"about":[{"href":"https:\/\/govasectomy.com\/es\/wp-json\/wp\/v2\/types\/page"}],"author":[{"embeddable":true,"href":"https:\/\/govasectomy.com\/es\/wp-json\/wp\/v2\/users\/5778"}],"replies":[{"embeddable":true,"href":"https:\/\/govasectomy.com\/es\/wp-json\/wp\/v2\/comments?post=1369"}],"version-history":[{"count":25,"href":"https:\/\/govasectomy.com\/es\/wp-json\/wp\/v2\/pages\/1369\/revisions"}],"predecessor-version":[{"id":3752,"href":"https:\/\/govasectomy.com\/es\/wp-json\/wp\/v2\/pages\/1369\/revisions\/3752"}],"wp:attachment":[{"href":"https:\/\/govasectomy.com\/es\/wp-json\/wp\/v2\/media?parent=1369"}],"curies":[{"name":"wp","href":"https:\/\/api.w.org\/{rel}","templated":true}]}}