{"id":2020,"date":"2023-03-31T12:40:23","date_gmt":"2023-03-31T12:40:23","guid":{"rendered":"https:\/\/govasectomy.com\/seguro\/"},"modified":"2026-01-14T01:23:01","modified_gmt":"2026-01-14T01:23:01","slug":"seguro","status":"publish","type":"page","link":"https:\/\/govasectomy.com\/es\/seguro\/","title":{"rendered":"El seguro podr\u00eda cubrir el coste de su vasectom\u00eda"},"content":{"rendered":"\t\t<div data-elementor-type=\"wp-page\" data-elementor-id=\"2020\" class=\"elementor elementor-2020 elementor-2018\" data-elementor-post-type=\"page\">\n\t\t\t\t\t\t<section class=\"elementor-section elementor-top-section elementor-element elementor-element-e834472 elementor-section-boxed elementor-section-height-default elementor-section-height-default\" data-id=\"e834472\" data-element_type=\"section\" data-e-type=\"section\">\n\t\t\t\t\t\t<div class=\"elementor-container elementor-column-gap-default\">\n\t\t\t\t\t<div class=\"elementor-column elementor-col-100 elementor-top-column elementor-element elementor-element-981ca5f\" data-id=\"981ca5f\" data-element_type=\"column\" data-e-type=\"column\">\n\t\t\t<div class=\"elementor-widget-wrap elementor-element-populated\">\n\t\t\t\t\t\t<div class=\"elementor-element elementor-element-8f0d942 elementor-widget elementor-widget-heading\" data-id=\"8f0d942\" data-element_type=\"widget\" data-e-type=\"widget\" data-widget_type=\"heading.default\">\n\t\t\t\t<div class=\"elementor-widget-container\">\n\t\t\t\t\t<h2 class=\"elementor-heading-title elementor-size-default\">Seguro<\/h2>\t\t\t\t<\/div>\n\t\t\t\t<\/div>\n\t\t\t\t\t<\/div>\n\t\t<\/div>\n\t\t\t\t\t<\/div>\n\t\t<\/section>\n\t\t\t\t<section class=\"elementor-section elementor-top-section elementor-element elementor-element-0d13ef3 elementor-section-boxed elementor-section-height-default elementor-section-height-default\" data-id=\"0d13ef3\" data-element_type=\"section\" data-e-type=\"section\">\n\t\t\t\t\t\t<div class=\"elementor-container elementor-column-gap-default\">\n\t\t\t\t\t<div class=\"elementor-column elementor-col-100 elementor-top-column elementor-element elementor-element-841c938\" data-id=\"841c938\" data-element_type=\"column\" data-e-type=\"column\">\n\t\t\t<div class=\"elementor-widget-wrap elementor-element-populated\">\n\t\t\t\t\t\t<div class=\"elementor-element elementor-element-796dea7 elementor-widget elementor-widget-text-editor\" data-id=\"796dea7\" data-element_type=\"widget\" data-e-type=\"widget\" data-widget_type=\"text-editor.default\">\n\t\t\t\t<div class=\"elementor-widget-container\">\n\t\t\t\t\t\t\t\t\t<p>La vasectom\u00eda es un servicio cubierto por la mayor\u00eda de los seguros. Hacemos todo lo posible para que sea sencillo y transparente.   <\/p>\t\t\t\t\t\t\t\t<\/div>\n\t\t\t\t<\/div>\n\t\t\t\t\t<\/div>\n\t\t<\/div>\n\t\t\t\t\t<\/div>\n\t\t<\/section>\n\t\t\t\t<section class=\"elementor-section elementor-top-section elementor-element elementor-element-033d502 elementor-section-boxed elementor-section-height-default elementor-section-height-default\" data-id=\"033d502\" data-element_type=\"section\" data-e-type=\"section\">\n\t\t\t\t\t\t<div class=\"elementor-container elementor-column-gap-default\">\n\t\t\t\t\t<div class=\"elementor-column elementor-col-100 elementor-top-column elementor-element elementor-element-0a7300d\" data-id=\"0a7300d\" data-element_type=\"column\" data-e-type=\"column\">\n\t\t\t<div class=\"elementor-widget-wrap elementor-element-populated\">\n\t\t\t\t\t\t<div class=\"elementor-element elementor-element-5189345 elementor-widget elementor-widget-heading\" data-id=\"5189345\" data-element_type=\"widget\" data-e-type=\"widget\" data-widget_type=\"heading.default\">\n\t\t\t\t<div class=\"elementor-widget-container\">\n\t\t\t\t\t<h2 class=\"elementor-heading-title elementor-size-default\">Seguro dentro de la red<\/h2>\t\t\t\t<\/div>\n\t\t\t\t<\/div>\n\t\t\t\t\t<\/div>\n\t\t<\/div>\n\t\t\t\t\t<\/div>\n\t\t<\/section>\n\t\t\t\t<section class=\"elementor-section elementor-top-section elementor-element elementor-element-9337d8f elementor-section-boxed elementor-section-height-default elementor-section-height-default\" data-id=\"9337d8f\" data-element_type=\"section\" data-e-type=\"section\">\n\t\t\t\t\t\t<div class=\"elementor-container elementor-column-gap-default\">\n\t\t\t\t\t<div class=\"elementor-column elementor-col-100 elementor-top-column elementor-element elementor-element-a4ec271\" data-id=\"a4ec271\" data-element_type=\"column\" data-e-type=\"column\">\n\t\t\t<div class=\"elementor-widget-wrap elementor-element-populated\">\n\t\t\t\t\t\t<div class=\"elementor-element elementor-element-9ea3d14 elementor-widget elementor-widget-text-editor\" data-id=\"9ea3d14\" data-element_type=\"widget\" data-e-type=\"widget\" data-widget_type=\"text-editor.default\">\n\t\t\t\t<div class=\"elementor-widget-container\">\n\t\t\t\t\t\t\t\t\t<p>A continuaci\u00f3n tienes una lista de seguros para los que estamos dentro de la red y el \u00abpermitido\u00bb. Lo permitido es la cantidad que hemos acordado con el seguro como m\u00e1ximo que se puede cobrar. Si tienes uno de estos seguros, te pediremos los datos del seguro cuando rellenes tu formulario de \u00abadmisi\u00f3n\u00bb con nosotros. Entonces ajustaremos el importe que te cobramos al m\u00e1ximo permitido. Te cobraremos el importe permitido cuando te sometas a la intervenci\u00f3n. En un plazo de 3 a 4 semanas despu\u00e9s de la intervenci\u00f3n, el seguro nos comunicar\u00e1 si va a pagarnos. En caso afirmativo, te devolveremos ese importe.        <\/p>\t\t\t\t\t\t\t\t<\/div>\n\t\t\t\t<\/div>\n\t\t\t\t\t<\/div>\n\t\t<\/div>\n\t\t\t\t\t<\/div>\n\t\t<\/section>\n\t\t\t\t<section class=\"elementor-section elementor-top-section elementor-element elementor-element-93406ed elementor-section-boxed elementor-section-height-default elementor-section-height-default\" data-id=\"93406ed\" data-element_type=\"section\" data-e-type=\"section\">\n\t\t\t\t\t\t<div class=\"elementor-container elementor-column-gap-default\">\n\t\t\t\t\t<div class=\"elementor-column elementor-col-100 elementor-top-column elementor-element elementor-element-971bb78\" data-id=\"971bb78\" data-element_type=\"column\" data-e-type=\"column\">\n\t\t\t<div class=\"elementor-widget-wrap elementor-element-populated\">\n\t\t\t\t\t\t<div class=\"elementor-element elementor-element-5cffa5d elementor-widget elementor-widget-tablepress-table\" data-id=\"5cffa5d\" data-element_type=\"widget\" data-e-type=\"widget\" data-widget_type=\"tablepress-table.default\">\n\t\t\t\t\t\n<table id=\"tablepress-2\" class=\"tablepress tablepress-id-2\">\n<thead>\n<tr class=\"row-1\">\n\t<th class=\"column-1\">Insurance<\/th><th class=\"column-2\">Allowable<\/th>\n<\/tr>\n<\/thead>\n<tbody class=\"row-striping row-hover\">\n<tr class=\"row-2\">\n\t<td class=\"column-1\">United Healthcare (UHC)<\/td><td class=\"column-2\">$963.03<\/td>\n<\/tr>\n<tr class=\"row-3\">\n\t<td class=\"column-1\">UMR<\/td><td class=\"column-2\">$963.03<\/td>\n<\/tr>\n<tr class=\"row-4\">\n\t<td class=\"column-1\">Anthem Blue Cross Blue Shield <\/td><td class=\"column-2\">$597.02<\/td>\n<\/tr>\n<tr class=\"row-5\">\n\t<td class=\"column-1\">Rocky Mountain Health Plans<\/td><td class=\"column-2\">$1020.00<\/td>\n<\/tr>\n<tr class=\"row-6\">\n\t<td class=\"column-1\">UnitedHealthOne \/ Golden Rule<\/td><td class=\"column-2\">$963.03<\/td>\n<\/tr>\n<tr class=\"row-7\">\n\t<td class=\"column-1\">UnitedHealthcare \/ All Savers Alternate Funding<\/td><td class=\"column-2\">$963.03<\/td>\n<\/tr>\n<tr class=\"row-8\">\n\t<td class=\"column-1\">Surest<\/td><td class=\"column-2\">$963.03<\/td>\n<\/tr>\n<tr class=\"row-9\">\n\t<td class=\"column-1\">US Health Group<\/td><td class=\"column-2\">$963.03<\/td>\n<\/tr>\n<tr class=\"row-10\">\n\t<td class=\"column-1\">GEHA<\/td><td class=\"column-2\">$963.03<\/td>\n<\/tr>\n<\/tbody>\n<\/table>\n<!-- #tablepress-2 from cache -->\t\t\t\t<\/div>\n\t\t\t\t\t<\/div>\n\t\t<\/div>\n\t\t\t\t\t<\/div>\n\t\t<\/section>\n\t\t\t\t<section class=\"elementor-section elementor-top-section elementor-element elementor-element-8057cc5 elementor-section-boxed elementor-section-height-default elementor-section-height-default\" data-id=\"8057cc5\" data-element_type=\"section\" data-e-type=\"section\">\n\t\t\t\t\t\t<div class=\"elementor-container elementor-column-gap-default\">\n\t\t\t\t\t<div class=\"elementor-column elementor-col-100 elementor-top-column elementor-element elementor-element-049ccb2\" data-id=\"049ccb2\" data-element_type=\"column\" data-e-type=\"column\">\n\t\t\t<div class=\"elementor-widget-wrap elementor-element-populated\">\n\t\t\t\t\t\t<div class=\"elementor-element elementor-element-791059f elementor-widget elementor-widget-heading\" data-id=\"791059f\" data-element_type=\"widget\" data-e-type=\"widget\" data-widget_type=\"heading.default\">\n\t\t\t\t<div class=\"elementor-widget-container\">\n\t\t\t\t\t<h2 class=\"elementor-heading-title elementor-size-default\">Seguro fuera de la red<\/h2>\t\t\t\t<\/div>\n\t\t\t\t<\/div>\n\t\t\t\t\t<\/div>\n\t\t<\/div>\n\t\t\t\t\t<\/div>\n\t\t<\/section>\n\t\t\t\t<section class=\"elementor-section elementor-top-section elementor-element elementor-element-c509ee5 elementor-section-boxed elementor-section-height-default elementor-section-height-default\" data-id=\"c509ee5\" data-element_type=\"section\" data-e-type=\"section\">\n\t\t\t\t\t\t<div class=\"elementor-container elementor-column-gap-default\">\n\t\t\t\t\t<div class=\"elementor-column elementor-col-100 elementor-top-column elementor-element elementor-element-aee3e62\" data-id=\"aee3e62\" data-element_type=\"column\" data-e-type=\"column\">\n\t\t\t<div class=\"elementor-widget-wrap elementor-element-populated\">\n\t\t\t\t\t\t<div class=\"elementor-element elementor-element-15eac04 elementor-widget elementor-widget-text-editor\" data-id=\"15eac04\" data-element_type=\"widget\" data-e-type=\"widget\" data-widget_type=\"text-editor.default\">\n\t\t\t\t<div class=\"elementor-widget-container\">\n\t\t\t\t\t\t\t\t\t<p>Estamos fuera de la red para Cigna, Aetna y la mayor\u00eda de los seguros que no est\u00e1n en la lista \u00abdentro de la red\u00bb anterior .  <\/p><p>Pagas el precio en efectivo de 885 $ en el momento de la cita. Le daremos la documentaci\u00f3n que debe presentar a su seguro para que el \u00abcargo permitido\u00bb de la compa\u00f1\u00eda de seguros se aplique a su deducible. La vasectom\u00eda suele costar unos 450 d\u00f3lares. Por lo tanto, pagar\u00e1 un total de 885 $ y 450 $ se aplicar\u00e1n a su deducible fuera de la red. Si ya ha gastado su deducible (o su deducible es inferior a $450), puede enviar la documentaci\u00f3n al seguro para solicitar el reembolso.<\/p><p>Si HA alcanzado su deducible, entonces enviar\u00e1 la documentaci\u00f3n a su compa\u00f1\u00eda de seguros. Deben reembolsarle la cantidad que permiten para el procedimiento, generalmente $ 450- $ 550.<\/p><p>Lo sentimos, pero no podemos asegurar que su seguro funcione as\u00ed. Hable con su compa\u00f1\u00eda de seguros con anticipaci\u00f3n para verificar su p\u00f3liza. Ind\u00edcales que los c\u00f3digos de procedimiento son 55250 y 99204 y que se hace en una consulta (no en un hospital). El c\u00f3digo de diagn\u00f3stico es Z98.52. D\u00edgales que nuestro n\u00famero de identificaci\u00f3n fiscal es 87-1513347 y que el procedimiento ser\u00e1 realizado por el Dr. Christopher Tonozzi en Go Vasectomy.<\/p>\t\t\t\t\t\t\t\t<\/div>\n\t\t\t\t<\/div>\n\t\t\t\t\t<\/div>\n\t\t<\/div>\n\t\t\t\t\t<\/div>\n\t\t<\/section>\n\t\t\t\t<section class=\"elementor-section elementor-top-section elementor-element elementor-element-f7146ae elementor-section-boxed elementor-section-height-default elementor-section-height-default\" data-id=\"f7146ae\" data-element_type=\"section\" data-e-type=\"section\">\n\t\t\t\t\t\t<div class=\"elementor-container elementor-column-gap-default\">\n\t\t\t\t\t<div class=\"elementor-column elementor-col-100 elementor-top-column elementor-element elementor-element-551214b\" data-id=\"551214b\" data-element_type=\"column\" data-e-type=\"column\">\n\t\t\t<div class=\"elementor-widget-wrap elementor-element-populated\">\n\t\t\t\t\t\t<div class=\"elementor-element elementor-element-96df610 elementor-widget elementor-widget-heading\" data-id=\"96df610\" data-element_type=\"widget\" data-e-type=\"widget\" data-widget_type=\"heading.default\">\n\t\t\t\t<div class=\"elementor-widget-container\">\n\t\t\t\t\t<h2 class=\"elementor-heading-title elementor-size-default\">CareCredit (para crear un plan de pago)<\/h2>\t\t\t\t<\/div>\n\t\t\t\t<\/div>\n\t\t\t\t<div class=\"elementor-element elementor-element-d8f54f7 elementor-widget elementor-widget-text-editor\" data-id=\"d8f54f7\" data-element_type=\"widget\" data-e-type=\"widget\" data-widget_type=\"text-editor.default\">\n\t\t\t\t<div class=\"elementor-widget-container\">\n\t\t\t\t\t\t\t\t\t<p>Aceptamos pagos con CareCredit en cada uno de nuestros centros. CareCredit es una l\u00ednea de cr\u00e9dito para gastos sanitarios. Para m\u00e1s informaci\u00f3n y para solicitar una l\u00ednea de cr\u00e9dito, consulta el <a href=\"https:\/\/www.carecredit.com\/\" target=\"_blank\" rel=\"noopener\">sitio web de CareCredit<\/a>. NO aceptamos CareCredit para el dep\u00f3sito que pagar\u00e1s cuando conciertes la cita; s\u00f3lo para el pago cuando vengas a hacerte la vasectom\u00eda.     <\/p>\t\t\t\t\t\t\t\t<\/div>\n\t\t\t\t<\/div>\n\t\t\t\t\t<\/div>\n\t\t<\/div>\n\t\t\t\t\t<\/div>\n\t\t<\/section>\n\t\t\t\t<section class=\"elementor-section elementor-top-section elementor-element elementor-element-486b324 elementor-section-boxed elementor-section-height-default elementor-section-height-default\" data-id=\"486b324\" data-element_type=\"section\" data-e-type=\"section\">\n\t\t\t\t\t\t<div class=\"elementor-container elementor-column-gap-default\">\n\t\t\t\t\t<div class=\"elementor-column elementor-col-100 elementor-top-column elementor-element elementor-element-b1c3f78\" data-id=\"b1c3f78\" data-element_type=\"column\" data-e-type=\"column\">\n\t\t\t<div class=\"elementor-widget-wrap elementor-element-populated\">\n\t\t\t\t\t\t<div class=\"elementor-element elementor-element-31d74ea elementor-widget elementor-widget-heading\" data-id=\"31d74ea\" data-element_type=\"widget\" data-e-type=\"widget\" data-widget_type=\"heading.default\">\n\t\t\t\t<div class=\"elementor-widget-container\">\n\t\t\t\t\t<h2 class=\"elementor-heading-title elementor-size-default\">Medicaid o HealthFirst colorado<\/h2>\t\t\t\t<\/div>\n\t\t\t\t<\/div>\n\t\t\t\t\t<\/div>\n\t\t<\/div>\n\t\t\t\t\t<\/div>\n\t\t<\/section>\n\t\t\t\t<section class=\"elementor-section elementor-top-section elementor-element elementor-element-f623be8 elementor-section-boxed elementor-section-height-default elementor-section-height-default\" data-id=\"f623be8\" data-element_type=\"section\" data-e-type=\"section\">\n\t\t\t\t\t\t<div class=\"elementor-container elementor-column-gap-default\">\n\t\t\t\t\t<div class=\"elementor-column elementor-col-100 elementor-top-column elementor-element elementor-element-80b91e3\" data-id=\"80b91e3\" data-element_type=\"column\" data-e-type=\"column\">\n\t\t\t<div class=\"elementor-widget-wrap elementor-element-populated\">\n\t\t\t\t\t\t<div class=\"elementor-element elementor-element-caa2d6d elementor-widget elementor-widget-text-editor\" data-id=\"caa2d6d\" data-element_type=\"widget\" data-e-type=\"widget\" data-widget_type=\"text-editor.default\">\n\t\t\t\t<div class=\"elementor-widget-container\">\n\t\t\t\t\t\t\t\t\t<p>En este momento no participamos con Medicaid. Esto incluye HealthFirst Colorado, Rocky Mountain Health Plans PRIME o RAE. Si tienes uno de estos, te recomendamos que llames a un <a href=\"https:\/\/cchn.org\/cchn-map\/\" target=\"_blank\" rel=\"noopener\">Centro de Salud Comunitario<\/a>. Aceptan Medicaid y la mayor\u00eda de ellos tienen proveedores que realizan vasectom\u00edas.   <\/p>\t\t\t\t\t\t\t\t<\/div>\n\t\t\t\t<\/div>\n\t\t\t\t\t<\/div>\n\t\t<\/div>\n\t\t\t\t\t<\/div>\n\t\t<\/section>\n\t\t\t\t<\/div>\n\t\t","protected":false},"excerpt":{"rendered":"<p>Seguro La vasectom\u00eda es un servicio cubierto por la mayor\u00eda de los seguros. Hacemos todo lo posible para que sea sencillo y transparente. Seguro dentro de la red A continuaci\u00f3n tienes una lista de seguros para los que estamos dentro de la red y el \u00abpermitido\u00bb. Lo permitido es la cantidad que hemos acordado con [&hellip;]<\/p>\n","protected":false},"author":5778,"featured_media":0,"parent":0,"menu_order":0,"comment_status":"closed","ping_status":"closed","template":"","meta":{"_seopress_robots_primary_cat":"","_seopress_titles_title":"El seguro podr\u00eda cubrir el coste de su vasectom\u00eda","_seopress_titles_desc":"Algunas compa\u00f1\u00edas de seguros cubrir\u00e1n la totalidad o parte de los costes del procedimiento de vasectom\u00eda. Lea nuestra gu\u00eda para saber si su seguro contribuir\u00e1.","_seopress_robots_index":"","footnotes":""},"class_list":["post-2020","page","type-page","status-publish","hentry"],"_links":{"self":[{"href":"https:\/\/govasectomy.com\/es\/wp-json\/wp\/v2\/pages\/2020","targetHints":{"allow":["GET"]}}],"collection":[{"href":"https:\/\/govasectomy.com\/es\/wp-json\/wp\/v2\/pages"}],"about":[{"href":"https:\/\/govasectomy.com\/es\/wp-json\/wp\/v2\/types\/page"}],"author":[{"embeddable":true,"href":"https:\/\/govasectomy.com\/es\/wp-json\/wp\/v2\/users\/5778"}],"replies":[{"embeddable":true,"href":"https:\/\/govasectomy.com\/es\/wp-json\/wp\/v2\/comments?post=2020"}],"version-history":[{"count":9,"href":"https:\/\/govasectomy.com\/es\/wp-json\/wp\/v2\/pages\/2020\/revisions"}],"predecessor-version":[{"id":3758,"href":"https:\/\/govasectomy.com\/es\/wp-json\/wp\/v2\/pages\/2020\/revisions\/3758"}],"wp:attachment":[{"href":"https:\/\/govasectomy.com\/es\/wp-json\/wp\/v2\/media?parent=2020"}],"curies":[{"name":"wp","href":"https:\/\/api.w.org\/{rel}","templated":true}]}}