{"id":2697,"date":"2024-03-28T20:30:37","date_gmt":"2024-03-28T20:30:37","guid":{"rendered":"https:\/\/govasectomy.com\/recursos\/"},"modified":"2024-06-04T19:19:07","modified_gmt":"2024-06-04T19:19:07","slug":"recursos","status":"publish","type":"page","link":"https:\/\/govasectomy.com\/es\/recursos\/","title":{"rendered":"Recursos"},"content":{"rendered":"\t\t<div data-elementor-type=\"wp-page\" data-elementor-id=\"2697\" class=\"elementor elementor-2697 elementor-2695\" data-elementor-post-type=\"page\">\n\t\t\t\t\t\t<section class=\"elementor-section elementor-top-section elementor-element elementor-element-0afcc32 elementor-section-boxed elementor-section-height-default elementor-section-height-default\" data-id=\"0afcc32\" data-element_type=\"section\" data-e-type=\"section\">\n\t\t\t\t\t\t<div class=\"elementor-container elementor-column-gap-default\">\n\t\t\t\t\t<div class=\"elementor-column elementor-col-100 elementor-top-column elementor-element elementor-element-0833ba6\" data-id=\"0833ba6\" data-element_type=\"column\" data-e-type=\"column\">\n\t\t\t<div class=\"elementor-widget-wrap elementor-element-populated\">\n\t\t\t\t\t\t<div class=\"elementor-element elementor-element-21f14a0 elementor-grid-3 elementor-grid-tablet-2 elementor-grid-mobile-1 elementor-posts--thumbnail-top elementor-widget elementor-widget-posts\" data-id=\"21f14a0\" data-element_type=\"widget\" data-e-type=\"widget\" data-settings=\"{&quot;classic_columns&quot;:&quot;3&quot;,&quot;classic_columns_tablet&quot;:&quot;2&quot;,&quot;classic_columns_mobile&quot;:&quot;1&quot;,&quot;classic_row_gap&quot;:{&quot;unit&quot;:&quot;px&quot;,&quot;size&quot;:35,&quot;sizes&quot;:[]},&quot;classic_row_gap_tablet&quot;:{&quot;unit&quot;:&quot;px&quot;,&quot;size&quot;:&quot;&quot;,&quot;sizes&quot;:[]},&quot;classic_row_gap_mobile&quot;:{&quot;unit&quot;:&quot;px&quot;,&quot;size&quot;:&quot;&quot;,&quot;sizes&quot;:[]}}\" data-widget_type=\"posts.classic\">\n\t\t\t\t<div class=\"elementor-widget-container\">\n\t\t\t\t\t\t\t<div class=\"elementor-posts-container elementor-posts elementor-posts--skin-classic elementor-grid\" role=\"list\">\n\t\t\t\t<article class=\"elementor-post elementor-grid-item post-3445 post type-post status-publish format-standard hentry category-sin-categorizar\" role=\"listitem\">\n\t\t\t\t<div class=\"elementor-post__text\">\n\t\t\t\t<h3 class=\"elementor-post__title\">\n\t\t\t<a href=\"https:\/\/govasectomy.com\/es\/epididimitis-congestiva\/\" >\n\t\t\t\tEpididimitis congestiva\t\t\t<\/a>\n\t\t<\/h3>\n\t\t\t\t<div class=\"elementor-post__excerpt\">\n\t\t\t<p>Epididimitis congestiva postvasectom\u00eda Si te has sometido recientemente a una vasectom\u00eda o est\u00e1s considerando la posibilidad de realizarla, es importante que conozcas las posibles complicaciones postoperatorias. Una de ellas es la epididimitis congestiva, que, aunque no es infrecuente, puede causar molestias a algunas personas. Profundicemos en lo que implica esta<\/p>\n\t\t<\/div>\n\t\t\n\t\t<a class=\"elementor-post__read-more\" href=\"https:\/\/govasectomy.com\/es\/epididimitis-congestiva\/\" aria-label=\"M\u00e1s informaci\u00f3n sobre Epididimitis congestiva\" tabindex=\"-1\" >\n\t\t\tLeer M\u00e1s \"\t\t<\/a>\n\n\t\t\t\t<\/div>\n\t\t\t\t<\/article>\n\t\t\t\t<article class=\"elementor-post elementor-grid-item post-2840 post type-post status-publish format-standard hentry category-sin-categorizar\" role=\"listitem\">\n\t\t\t\t<div class=\"elementor-post__text\">\n\t\t\t\t<h3 class=\"elementor-post__title\">\n\t\t\t<a href=\"https:\/\/govasectomy.com\/es\/reanudacion-de-las-relaciones-sexuales-o-de-la-eyaculacion-tras-la-vasectomia\/\" >\n\t\t\t\tReanudaci\u00f3n de las relaciones sexuales o de la eyaculaci\u00f3n tras la vasectom\u00eda\t\t\t<\/a>\n\t\t<\/h3>\n\t\t\t\t<div class=\"elementor-post__excerpt\">\n\t\t\t<p>Reanudaci\u00f3n de las relaciones sexuales o de la eyaculaci\u00f3n tras la vasectom\u00eda Una de las preguntas m\u00e1s frecuentes de los hombres despu\u00e9s de una vasectom\u00eda es cu\u00e1ndo pueden reanudar la eyaculaci\u00f3n con seguridad. Se trata de una preocupaci\u00f3n natural, y la noticia tranquilizadora es que, para la mayor\u00eda de los<\/p>\n\t\t<\/div>\n\t\t\n\t\t<a class=\"elementor-post__read-more\" href=\"https:\/\/govasectomy.com\/es\/reanudacion-de-las-relaciones-sexuales-o-de-la-eyaculacion-tras-la-vasectomia\/\" aria-label=\"M\u00e1s informaci\u00f3n sobre Reanudaci\u00f3n de las relaciones sexuales o de la eyaculaci\u00f3n tras la vasectom\u00eda\" tabindex=\"-1\" >\n\t\t\tLeer M\u00e1s \"\t\t<\/a>\n\n\t\t\t\t<\/div>\n\t\t\t\t<\/article>\n\t\t\t\t<article class=\"elementor-post elementor-grid-item post-2800 post type-post status-publish format-standard hentry category-sin-categorizar\" role=\"listitem\">\n\t\t\t\t<div class=\"elementor-post__text\">\n\t\t\t\t<h3 class=\"elementor-post__title\">\n\t\t\t<a href=\"https:\/\/govasectomy.com\/es\/depilacion-previa-a-la-vasectomia\/\" >\n\t\t\t\tDepilaci\u00f3n previa a la vasectom\u00eda\t\t\t<\/a>\n\t\t<\/h3>\n\t\t\t\t<div class=\"elementor-post__excerpt\">\n\t\t\t<p>Depilaci\u00f3n previa a la vasectom\u00eda La vasectom\u00eda es una gran opci\u00f3n para los hombres que han decidido que no quieren correr el riesgo de provocar un embarazo. La vasectom\u00eda es un procedimiento sencillo, realizado con anestesia local, en el que se interrumpen los conductos deferentes para impedir que los espermatozoides<\/p>\n\t\t<\/div>\n\t\t\n\t\t<a class=\"elementor-post__read-more\" href=\"https:\/\/govasectomy.com\/es\/depilacion-previa-a-la-vasectomia\/\" aria-label=\"M\u00e1s informaci\u00f3n sobre Depilaci\u00f3n previa a la vasectom\u00eda\" tabindex=\"-1\" >\n\t\t\tLeer M\u00e1s \"\t\t<\/a>\n\n\t\t\t\t<\/div>\n\t\t\t\t<\/article>\n\t\t\t\t<article class=\"elementor-post elementor-grid-item post-2758 post type-post status-publish format-standard hentry category-sin-categorizar\" role=\"listitem\">\n\t\t\t\t<div class=\"elementor-post__text\">\n\t\t\t\t<h3 class=\"elementor-post__title\">\n\t\t\t<a href=\"https:\/\/govasectomy.com\/es\/granuloma-espermatico\/\" >\n\t\t\t\tGranuloma esperm\u00e1tico\t\t\t<\/a>\n\t\t<\/h3>\n\t\t\t\t<div class=\"elementor-post__excerpt\">\n\t\t\t<p>Granuloma esperm\u00e1tico postvasectom\u00eda Someterse a una vasectom\u00eda es una gran decisi\u00f3n para muchos hombres y a menudo marca un compromiso a largo plazo con la planificaci\u00f3n familiar. El procedimiento es r\u00e1pido, eficaz y presenta un bajo riesgo de complicaciones, lo que lo convierte en una opci\u00f3n popular para quienes buscan<\/p>\n\t\t<\/div>\n\t\t\n\t\t<a class=\"elementor-post__read-more\" href=\"https:\/\/govasectomy.com\/es\/granuloma-espermatico\/\" aria-label=\"M\u00e1s informaci\u00f3n sobre Granuloma esperm\u00e1tico\" tabindex=\"-1\" >\n\t\t\tLeer M\u00e1s \"\t\t<\/a>\n\n\t\t\t\t<\/div>\n\t\t\t\t<\/article>\n\t\t\t\t<article class=\"elementor-post elementor-grid-item post-2747 post type-post status-publish format-standard hentry category-sin-categorizar\" role=\"listitem\">\n\t\t\t\t<div class=\"elementor-post__text\">\n\t\t\t\t<h3 class=\"elementor-post__title\">\n\t\t\t<a href=\"https:\/\/govasectomy.com\/es\/del-doc\/\" >\n\t\t\t\tEnt\u00e9rate por el m\u00e9dico\t\t\t<\/a>\n\t\t<\/h3>\n\t\t\t\t<div class=\"elementor-post__excerpt\">\n\t\t\t<p>Ent\u00e9rate por el m\u00e9dico https:\/\/youtu.be\/5gyGVfGzi28 En este v\u00eddeo, el Dr. Tonozzi, tu m\u00e9dico para la Vasectom\u00eda Go, te da la informaci\u00f3n que necesitas si est\u00e1s considerando la vasectom\u00eda. El v\u00eddeo cubre lo esencial, incluida la preparaci\u00f3n para la vasectom\u00eda, recomendaciones para cuidarte despu\u00e9s de la vasectom\u00eda y pruebas posvasectom\u00eda. Esto<\/p>\n\t\t<\/div>\n\t\t\n\t\t<a class=\"elementor-post__read-more\" href=\"https:\/\/govasectomy.com\/es\/del-doc\/\" aria-label=\"M\u00e1s informaci\u00f3n sobre Ent\u00e9rate por el m\u00e9dico\" tabindex=\"-1\" >\n\t\t\tLeer M\u00e1s \"\t\t<\/a>\n\n\t\t\t\t<\/div>\n\t\t\t\t<\/article>\n\t\t\t\t<article class=\"elementor-post elementor-grid-item post-2717 post type-post status-publish format-standard hentry category-all\" role=\"listitem\">\n\t\t\t\t<div class=\"elementor-post__text\">\n\t\t\t\t<h3 class=\"elementor-post__title\">\n\t\t\t<a href=\"https:\/\/govasectomy.com\/es\/cual-es-el-coste-de-la-vasectomia\/\" >\n\t\t\t\t\u00bfCu\u00e1l es el coste de la vasectom\u00eda?\t\t\t<\/a>\n\t\t<\/h3>\n\t\t\t\t<div class=\"elementor-post__excerpt\">\n\t\t\t<p>\u00bfCu\u00e1l es el costo de la vasectom\u00eda? El coste de la vasectom\u00eda en Colorado var\u00eda mucho en funci\u00f3n de la zona del estado en que te encuentres, de si te la haces en un hospital o en la consulta de un m\u00e9dico y de la cobertura del seguro, pero, en<\/p>\n\t\t<\/div>\n\t\t\n\t\t<a class=\"elementor-post__read-more\" href=\"https:\/\/govasectomy.com\/es\/cual-es-el-coste-de-la-vasectomia\/\" aria-label=\"M\u00e1s informaci\u00f3n sobre \u00bfCu\u00e1l es el coste de la vasectom\u00eda?\" tabindex=\"-1\" >\n\t\t\tLeer M\u00e1s \"\t\t<\/a>\n\n\t\t\t\t<\/div>\n\t\t\t\t<\/article>\n\t\t\t\t<article class=\"elementor-post elementor-grid-item post-2679 post type-post status-publish format-standard hentry category-sin-categorizar\" role=\"listitem\">\n\t\t\t\t<div class=\"elementor-post__text\">\n\t\t\t\t<h3 class=\"elementor-post__title\">\n\t\t\t<a href=\"https:\/\/govasectomy.com\/es\/funcion-sexual-y-vasectomia\/\" >\n\t\t\t\tFunci\u00f3n sexual y vasectom\u00eda\t\t\t<\/a>\n\t\t<\/h3>\n\t\t\t\t<div class=\"elementor-post__excerpt\">\n\t\t\t<p>Desmontando mitos: C\u00f3mo la vasectom\u00eda puede mejorar la funci\u00f3n sexual Vasectom\u00eda: una palabra que puede provocar escalofr\u00edos a muchos hombres. A menudo se asocia con miedo, incertidumbre y conceptos err\u00f3neos, en particular sobre su impacto en la funci\u00f3n sexual. Sin embargo, \u00bfy si le dijera que la vasectom\u00eda no s\u00f3lo<\/p>\n\t\t<\/div>\n\t\t\n\t\t<a class=\"elementor-post__read-more\" href=\"https:\/\/govasectomy.com\/es\/funcion-sexual-y-vasectomia\/\" aria-label=\"M\u00e1s informaci\u00f3n sobre Funci\u00f3n sexual y vasectom\u00eda\" tabindex=\"-1\" >\n\t\t\tLeer M\u00e1s \"\t\t<\/a>\n\n\t\t\t\t<\/div>\n\t\t\t\t<\/article>\n\t\t\t\t<article class=\"elementor-post elementor-grid-item post-2685 post type-post status-publish format-standard hentry category-sin-categorizar\" role=\"listitem\">\n\t\t\t\t<div class=\"elementor-post__text\">\n\t\t\t\t<h3 class=\"elementor-post__title\">\n\t\t\t<a href=\"https:\/\/govasectomy.com\/es\/vasectomia-tradicional-frente-a-vasectomia-sin-bisturi\/\" >\n\t\t\t\tVasectom\u00eda tradicional frente a vasectom\u00eda sin bistur\u00ed\t\t\t<\/a>\n\t\t<\/h3>\n\t\t\t\t<div class=\"elementor-post__excerpt\">\n\t\t\t<p>\u00bfCu\u00e1l es la diferencia entre la vasectom\u00eda tradicional y la vasectom\u00eda sin bistur\u00ed? La vasectom\u00eda sin bistur\u00ed (VSB) y la vasectom\u00eda tradicional son dos t\u00e9cnicas diferentes utilizadas para realizar el procedimiento quir\u00fargico de esterilizaci\u00f3n masculina. He aqu\u00ed un desglose de las principales diferencias entre ambos: Incisi\u00f3n: En una vasectom\u00eda tradicional,<\/p>\n\t\t<\/div>\n\t\t\n\t\t<a class=\"elementor-post__read-more\" href=\"https:\/\/govasectomy.com\/es\/vasectomia-tradicional-frente-a-vasectomia-sin-bisturi\/\" aria-label=\"M\u00e1s informaci\u00f3n sobre Vasectom\u00eda tradicional frente a vasectom\u00eda sin bistur\u00ed\" tabindex=\"-1\" >\n\t\t\tLeer M\u00e1s \"\t\t<\/a>\n\n\t\t\t\t<\/div>\n\t\t\t\t<\/article>\n\t\t\t\t<article class=\"elementor-post elementor-grid-item post-2664 post type-post status-publish format-standard hentry category-sin-categorizar\" role=\"listitem\">\n\t\t\t\t<div class=\"elementor-post__text\">\n\t\t\t\t<h3 class=\"elementor-post__title\">\n\t\t\t<a href=\"https:\/\/govasectomy.com\/es\/analisis-de-semen-tras-la-vasectomia\/\" >\n\t\t\t\tAn\u00e1lisis de semen tras la vasectom\u00eda\t\t\t<\/a>\n\t\t<\/h3>\n\t\t\t\t<div class=\"elementor-post__excerpt\">\n\t\t\t<p>An\u00e1lisis de semen tras la vasectom\u00eda Tras someterse a una vasectom\u00eda, suele realizarse un an\u00e1lisis del semen para confirmar el \u00e9xito de la intervenci\u00f3n y asegurarse de que el recuento de espermatozoides es lo suficientemente bajo como para dejar de utilizar otros m\u00e9todos anticonceptivos. Exploremos el por qu\u00e9, el c\u00f3mo<\/p>\n\t\t<\/div>\n\t\t\n\t\t<a class=\"elementor-post__read-more\" href=\"https:\/\/govasectomy.com\/es\/analisis-de-semen-tras-la-vasectomia\/\" aria-label=\"M\u00e1s informaci\u00f3n sobre An\u00e1lisis de semen tras la vasectom\u00eda\" tabindex=\"-1\" >\n\t\t\tLeer M\u00e1s \"\t\t<\/a>\n\n\t\t\t\t<\/div>\n\t\t\t\t<\/article>\n\t\t\t\t<article class=\"elementor-post elementor-grid-item post-2677 post type-post status-publish format-standard hentry category-sin-categorizar\" role=\"listitem\">\n\t\t\t\t<div class=\"elementor-post__text\">\n\t\t\t\t<h3 class=\"elementor-post__title\">\n\t\t\t<a href=\"https:\/\/govasectomy.com\/es\/volver-a-hacer-ejercicio-despues-de-una-vasectomia\/\" >\n\t\t\t\tVolver a hacer ejercicio despu\u00e9s de una vasectom\u00eda\t\t\t<\/a>\n\t\t<\/h3>\n\t\t\t\t<div class=\"elementor-post__excerpt\">\n\t\t\t<p>Volver a hacer ejercicio tras una vasectom\u00eda Someterse a una vasectom\u00eda es una decisi\u00f3n importante para muchos hombres. Es un procedimiento quir\u00fargico utilizado para la anticoncepci\u00f3n permanente mediante el corte o bloqueo de los conductos deferentes, los conductos que transportan el esperma desde los test\u00edculos hasta la uretra. Aunque el<\/p>\n\t\t<\/div>\n\t\t\n\t\t<a class=\"elementor-post__read-more\" href=\"https:\/\/govasectomy.com\/es\/volver-a-hacer-ejercicio-despues-de-una-vasectomia\/\" aria-label=\"M\u00e1s informaci\u00f3n sobre Volver a hacer ejercicio despu\u00e9s de una vasectom\u00eda\" tabindex=\"-1\" >\n\t\t\tLeer M\u00e1s \"\t\t<\/a>\n\n\t\t\t\t<\/div>\n\t\t\t\t<\/article>\n\t\t\t\t<article class=\"elementor-post elementor-grid-item post-2648 post type-post status-publish format-standard hentry category-sin-categorizar\" role=\"listitem\">\n\t\t\t\t<div class=\"elementor-post__text\">\n\t\t\t\t<h3 class=\"elementor-post__title\">\n\t\t\t<a href=\"https:\/\/govasectomy.com\/es\/dolor-con-la-vasectomia\/\" >\n\t\t\t\t\u00bfSer\u00e1 dolorosa la vasectom\u00eda?\t\t\t<\/a>\n\t\t<\/h3>\n\t\t\t\t<div class=\"elementor-post__excerpt\">\n\t\t\t<p>\u00bfSer\u00e1 dolorosa la vasectom\u00eda? La vasectom\u00eda es una intervenci\u00f3n quir\u00fargica que consiste en cortar o bloquear los conductos deferentes, que son los tubos que transportan los espermatozoides desde los test\u00edculos hasta la uretra. La intervenci\u00f3n suele realizarse con anestesia local, y durante el proceso pueden experimentarse algunas molestias o un<\/p>\n\t\t<\/div>\n\t\t\n\t\t<a class=\"elementor-post__read-more\" href=\"https:\/\/govasectomy.com\/es\/dolor-con-la-vasectomia\/\" aria-label=\"M\u00e1s informaci\u00f3n sobre \u00bfSer\u00e1 dolorosa la vasectom\u00eda?\" tabindex=\"-1\" >\n\t\t\tLeer M\u00e1s \"\t\t<\/a>\n\n\t\t\t\t<\/div>\n\t\t\t\t<\/article>\n\t\t\t\t<article class=\"elementor-post elementor-grid-item post-2400 post type-post status-publish format-standard hentry category-sin-categorizar\" role=\"listitem\">\n\t\t\t\t<div class=\"elementor-post__text\">\n\t\t\t\t<h3 class=\"elementor-post__title\">\n\t\t\t<a href=\"https:\/\/govasectomy.com\/es\/vasectomia-y-riesgo-de-cancer-de-prostata\/\" >\n\t\t\t\tVasectom\u00eda y riesgo de c\u00e1ncer de pr\u00f3stata\t\t\t<\/a>\n\t\t<\/h3>\n\t\t\t\t<div class=\"elementor-post__excerpt\">\n\t\t\t<p>\u00bfAumenta la vasectom\u00eda el riesgo de c\u00e1ncer de pr\u00f3stata? Se han realizado varios estudios que investigan la posible asociaci\u00f3n entre la vasectom\u00eda y el c\u00e1ncer de pr\u00f3stata. Algunos estudios han sugerido un ligero aumento del riesgo de desarrollar c\u00e1ncer de pr\u00f3stata entre los hombres que se han sometido a una<\/p>\n\t\t<\/div>\n\t\t\n\t\t<a class=\"elementor-post__read-more\" href=\"https:\/\/govasectomy.com\/es\/vasectomia-y-riesgo-de-cancer-de-prostata\/\" aria-label=\"M\u00e1s informaci\u00f3n sobre Vasectom\u00eda y riesgo de c\u00e1ncer de pr\u00f3stata\" tabindex=\"-1\" >\n\t\t\tLeer M\u00e1s \"\t\t<\/a>\n\n\t\t\t\t<\/div>\n\t\t\t\t<\/article>\n\t\t\t\t<\/div>\n\t\t\n\t\t\t\t\t\t<\/div>\n\t\t\t\t<\/div>\n\t\t\t\t\t<\/div>\n\t\t<\/div>\n\t\t\t\t\t<\/div>\n\t\t<\/section>\n\t\t\t\t<\/div>\n\t\t","protected":false},"excerpt":{"rendered":"","protected":false},"author":5778,"featured_media":0,"parent":0,"menu_order":0,"comment_status":"closed","ping_status":"closed","template":"","meta":{"_seopress_robots_primary_cat":"","_seopress_titles_title":"","_seopress_titles_desc":"","_seopress_robots_index":"","footnotes":""},"class_list":["post-2697","page","type-page","status-publish","hentry"],"_links":{"self":[{"href":"https:\/\/govasectomy.com\/es\/wp-json\/wp\/v2\/pages\/2697","targetHints":{"allow":["GET"]}}],"collection":[{"href":"https:\/\/govasectomy.com\/es\/wp-json\/wp\/v2\/pages"}],"about":[{"href":"https:\/\/govasectomy.com\/es\/wp-json\/wp\/v2\/types\/page"}],"author":[{"embeddable":true,"href":"https:\/\/govasectomy.com\/es\/wp-json\/wp\/v2\/users\/5778"}],"replies":[{"embeddable":true,"href":"https:\/\/govasectomy.com\/es\/wp-json\/wp\/v2\/comments?post=2697"}],"version-history":[{"count":2,"href":"https:\/\/govasectomy.com\/es\/wp-json\/wp\/v2\/pages\/2697\/revisions"}],"predecessor-version":[{"id":2836,"href":"https:\/\/govasectomy.com\/es\/wp-json\/wp\/v2\/pages\/2697\/revisions\/2836"}],"wp:attachment":[{"href":"https:\/\/govasectomy.com\/es\/wp-json\/wp\/v2\/media?parent=2697"}],"curies":[{"name":"wp","href":"https:\/\/api.w.org\/{rel}","templated":true}]}}