{"id":3122,"date":"2024-10-09T23:31:21","date_gmt":"2024-10-09T23:31:21","guid":{"rendered":"https:\/\/govasectomy.com\/programa-una-cita-para-una-consulta\/"},"modified":"2026-04-08T23:36:23","modified_gmt":"2026-04-08T23:36:23","slug":"programa-una-cita-para-una-consulta","status":"publish","type":"page","link":"https:\/\/govasectomy.com\/es\/programa-una-cita-para-una-consulta\/","title":{"rendered":"Programa una cita para una consulta"},"content":{"rendered":"\t\t<div data-elementor-type=\"wp-page\" data-elementor-id=\"3122\" class=\"elementor elementor-3122 elementor-3116\" data-elementor-post-type=\"page\">\n\t\t\t\t\t\t<section class=\"elementor-section elementor-top-section elementor-element elementor-element-17983c7 elementor-section-boxed elementor-section-height-default elementor-section-height-default\" data-id=\"17983c7\" data-element_type=\"section\" data-e-type=\"section\">\n\t\t\t\t\t\t<div class=\"elementor-container elementor-column-gap-default\">\n\t\t\t\t\t<div class=\"elementor-column elementor-col-100 elementor-top-column elementor-element elementor-element-bcec0d1\" data-id=\"bcec0d1\" data-element_type=\"column\" data-e-type=\"column\">\n\t\t\t<div class=\"elementor-widget-wrap elementor-element-populated\">\n\t\t\t\t\t\t<div class=\"elementor-element elementor-element-bb72170 elementor-widget elementor-widget-heading\" data-id=\"bb72170\" data-element_type=\"widget\" data-e-type=\"widget\" data-widget_type=\"heading.default\">\n\t\t\t\t<div class=\"elementor-widget-container\">\n\t\t\t\t\t<h2 class=\"elementor-heading-title elementor-size-default\">Programa tu cita de consulta para la vasectom\u00eda<\/h2>\t\t\t\t<\/div>\n\t\t\t\t<\/div>\n\t\t\t\t\t<\/div>\n\t\t<\/div>\n\t\t\t\t\t<\/div>\n\t\t<\/section>\n\t\t\t\t<section class=\"elementor-section elementor-top-section elementor-element elementor-element-ed8c289 elementor-section-boxed elementor-section-height-default elementor-section-height-default\" data-id=\"ed8c289\" data-element_type=\"section\" data-e-type=\"section\">\n\t\t\t\t\t\t<div class=\"elementor-container elementor-column-gap-default\">\n\t\t\t\t\t<div class=\"elementor-column elementor-col-100 elementor-top-column elementor-element elementor-element-16c9280\" data-id=\"16c9280\" data-element_type=\"column\" data-e-type=\"column\">\n\t\t\t<div class=\"elementor-widget-wrap elementor-element-populated\">\n\t\t\t\t\t\t<div class=\"elementor-element elementor-element-4a31d62 elementor-widget elementor-widget-text-editor\" data-id=\"4a31d62\" data-element_type=\"widget\" data-e-type=\"widget\" data-widget_type=\"text-editor.default\">\n\t\t\t\t<div class=\"elementor-widget-container\">\n\t\t\t\t\t\t\t\t\t<p><strong>LA CONSULTA ES OBLIGATORIA<\/strong> (por motivos legales) s\u00f3lo si crees que necesitas que te receten un relajante, de lo contrario es <b>OPCIONAL<\/b>.&nbsp; Se realiza a trav\u00e9s de Zoom.&nbsp; Puedes tener una consulta si quieres hablar de la vasectom\u00eda o si quieres conocer al Dr. Tonozzi antes de la vasectom\u00eda. Si tienes una o dos preguntas sencillas, puedes tratarlas por tel\u00e9fono o mensaje de texto con el Dr. Tonozzi; no es necesaria una consulta. <\/p>\n<p>La consulta cuesta 120 d\u00f3lares. Esto es ADEM\u00c1S de la vasectom\u00eda.&nbsp;&nbsp;Se reembolsa si cancelas o cambias la cita 1 d\u00eda o m\u00e1s antes de la consulta. Esto no es facturable al seguro.&nbsp;&nbsp;<\/p>\n<p><strong>Por favor, mira el v\u00eddeo de asesoramiento antes de programar la cita y, a continuaci\u00f3n, programa la cita. Cuando programes la cita, recibir\u00e1s un correo electr\u00f3nico con un enlace para rellenar el formulario de inscripci\u00f3n. <\/strong>  Eso debe hacerse en el plazo de un d\u00eda desde la programaci\u00f3n.&nbsp; Tambi\u00e9n puedes <a href=\"https:\/\/govasectomy.com\/es\/concertar-cita\/\">programar tu vasectom\u00eda ahora<\/a>, o esperar a hacerlo hasta que hayas hecho la consulta.<\/p>\t\t\t\t\t\t\t\t<\/div>\n\t\t\t\t<\/div>\n\t\t\t\t\t<\/div>\n\t\t<\/div>\n\t\t\t\t\t<\/div>\n\t\t<\/section>\n\t\t\t\t<section class=\"elementor-section elementor-top-section elementor-element elementor-element-ba64248 elementor-section-boxed elementor-section-height-default elementor-section-height-default\" data-id=\"ba64248\" data-element_type=\"section\" data-e-type=\"section\">\n\t\t\t\t\t\t<div class=\"elementor-container elementor-column-gap-default\">\n\t\t\t\t\t<div class=\"elementor-column elementor-col-100 elementor-top-column elementor-element elementor-element-3984f78\" data-id=\"3984f78\" data-element_type=\"column\" data-e-type=\"column\">\n\t\t\t<div class=\"elementor-widget-wrap elementor-element-populated\">\n\t\t\t\t\t\t<div class=\"elementor-element elementor-element-8ea6756 elementor-widget elementor-widget-html\" data-id=\"8ea6756\" data-element_type=\"widget\" data-e-type=\"widget\" data-widget_type=\"html.default\">\n\t\t\t\t<div class=\"elementor-widget-container\">\n\t\t\t\t\t<script>(function (c) {window.intakeq=\"61fdb7978bb54a54d47298a8\";window.intakeqServiceId=\"2d6edc15-f909-4f77-9db5-c1ce1ea243e1\"; var i = c.createElement(\"script\");i.type = \"text\/javascript\";i.async = true;i.src = \"https:\/\/intakeq.com\/js\/widget.min.js?1\";document.head.appendChild(i);})(document);<\/script><div id=\"intakeq\" style=\"max-width:720px; width: 100%;\"><\/div>\t\t\t\t<\/div>\n\t\t\t\t<\/div>\n\t\t\t\t\t<\/div>\n\t\t<\/div>\n\t\t\t\t\t<\/div>\n\t\t<\/section>\n\t\t\t\t<\/div>\n\t\t","protected":false},"excerpt":{"rendered":"<p>Programa tu cita de consulta para la vasectom\u00eda LA CONSULTA ES OBLIGATORIA (por motivos legales) s\u00f3lo si crees que necesitas que te receten un relajante, de lo contrario es OPCIONAL.&nbsp; Se realiza a trav\u00e9s de Zoom.&nbsp; Puedes tener una consulta si quieres hablar de la vasectom\u00eda o si quieres conocer al Dr. Tonozzi antes de [&hellip;]<\/p>\n","protected":false},"author":5778,"featured_media":0,"parent":0,"menu_order":0,"comment_status":"closed","ping_status":"closed","template":"","meta":{"_seopress_robots_primary_cat":"","_seopress_titles_title":"Programa una cita para una consulta","_seopress_titles_desc":"Programa tu cita de consulta f\u00e1cilmente a trav\u00e9s de nuestro portal de citas online","_seopress_robots_index":"","footnotes":""},"class_list":["post-3122","page","type-page","status-publish","hentry"],"_links":{"self":[{"href":"https:\/\/govasectomy.com\/es\/wp-json\/wp\/v2\/pages\/3122","targetHints":{"allow":["GET"]}}],"collection":[{"href":"https:\/\/govasectomy.com\/es\/wp-json\/wp\/v2\/pages"}],"about":[{"href":"https:\/\/govasectomy.com\/es\/wp-json\/wp\/v2\/types\/page"}],"author":[{"embeddable":true,"href":"https:\/\/govasectomy.com\/es\/wp-json\/wp\/v2\/users\/5778"}],"replies":[{"embeddable":true,"href":"https:\/\/govasectomy.com\/es\/wp-json\/wp\/v2\/comments?post=3122"}],"version-history":[{"count":5,"href":"https:\/\/govasectomy.com\/es\/wp-json\/wp\/v2\/pages\/3122\/revisions"}],"predecessor-version":[{"id":3789,"href":"https:\/\/govasectomy.com\/es\/wp-json\/wp\/v2\/pages\/3122\/revisions\/3789"}],"wp:attachment":[{"href":"https:\/\/govasectomy.com\/es\/wp-json\/wp\/v2\/media?parent=3122"}],"curies":[{"name":"wp","href":"https:\/\/api.w.org\/{rel}","templated":true}]}}