{"id":770,"date":"2022-03-14T01:00:24","date_gmt":"2022-03-14T01:00:24","guid":{"rendered":"https:\/\/govasectomy.com\/deberes\/"},"modified":"2025-12-09T16:43:51","modified_gmt":"2025-12-09T16:43:51","slug":"deberes","status":"publish","type":"page","link":"https:\/\/govasectomy.com\/es\/deberes\/","title":{"rendered":"Preparaci\u00f3n para la vasectom\u00eda &#8211; Prepar\u00e1ndose para el procedimiento"},"content":{"rendered":"\t\t<div data-elementor-type=\"wp-page\" data-elementor-id=\"770\" class=\"elementor elementor-770 elementor-765\" data-elementor-post-type=\"page\">\n\t\t\t\t\t\t<section class=\"elementor-section elementor-top-section elementor-element elementor-element-1d86c4c elementor-section-boxed elementor-section-height-default elementor-section-height-default\" data-id=\"1d86c4c\" data-element_type=\"section\" data-e-type=\"section\">\n\t\t\t\t\t\t<div class=\"elementor-container elementor-column-gap-default\">\n\t\t\t\t\t<div class=\"elementor-column elementor-col-100 elementor-top-column elementor-element elementor-element-8e383f3\" data-id=\"8e383f3\" data-element_type=\"column\" data-e-type=\"column\">\n\t\t\t<div class=\"elementor-widget-wrap elementor-element-populated\">\n\t\t\t\t\t\t<div class=\"elementor-element elementor-element-ebf7dcf elementor-widget elementor-widget-heading\" data-id=\"ebf7dcf\" data-element_type=\"widget\" data-e-type=\"widget\" data-widget_type=\"heading.default\">\n\t\t\t\t<div class=\"elementor-widget-container\">\n\t\t\t\t\t<h2 class=\"elementor-heading-title elementor-size-default\">Preparaci\u00f3n para su Vasectom\u00eda<\/h2>\t\t\t\t<\/div>\n\t\t\t\t<\/div>\n\t\t\t\t\t<\/div>\n\t\t<\/div>\n\t\t\t\t\t<\/div>\n\t\t<\/section>\n\t\t\t\t<section class=\"elementor-section elementor-top-section elementor-element elementor-element-dca9a98 elementor-section-boxed elementor-section-height-default elementor-section-height-default\" data-id=\"dca9a98\" data-element_type=\"section\" data-e-type=\"section\">\n\t\t\t\t\t\t<div class=\"elementor-container elementor-column-gap-default\">\n\t\t\t\t\t<div class=\"elementor-column elementor-col-100 elementor-top-column elementor-element elementor-element-1375f7c\" data-id=\"1375f7c\" data-element_type=\"column\" data-e-type=\"column\">\n\t\t\t<div class=\"elementor-widget-wrap elementor-element-populated\">\n\t\t\t\t\t\t<div class=\"elementor-element elementor-element-d4d0663 elementor-widget elementor-widget-text-editor\" data-id=\"d4d0663\" data-element_type=\"widget\" data-e-type=\"widget\" data-widget_type=\"text-editor.default\">\n\t\t\t\t<div class=\"elementor-widget-container\">\n\t\t\t\t\t\t\t\t\t<ul><li>No use aspirina, ibuprofeno (Advil), naproxeno (Alleve) esta semana, ya que puede diluir un poco la sangre y contribuir al sangrado. Est\u00e1 bien usar acetaminof\u00e9n (Tylenol)<\/li><li>Mira el <a href=\"https:\/\/youtu.be\/5gyGVfGzi28\" data-redactor-span=\"true\">v\u00eddeo previo al procedimiento<\/a> si a\u00fan no lo ha hecho, o si ha pasado alg\u00fan tiempo desde que lo vio por primera vez.<\/li><li>Llegue con 15 minutos de anticipaci\u00f3n para que podamos encargarnos del pago. Puede pagar con tarjeta de cr\u00e9dito (incluida una tarjeta HSA) o en efectivo. \u00bfNecesita un recordatorio sobre el monto total? Consulte \u00abPrecios\u00bb y \u00abSeguro\u00bb <a href=\"https:\/\/govasectomy.com\/es\/aprende-mas\/\" data-redactor-span=\"true\">AQU\u00cd<\/a> . Ya pag\u00f3 $120 de esto como dep\u00f3sito.<\/li><li>Afeitarse 2-3 d\u00edas antes del procedimiento. <a href=\"https:\/\/www.youtube.com\/watch?app=desktop&amp;v=_njbEiFsE3E\" data-redactor-span=\"true\">Este video<\/a> brinda un enfoque simple, pero encontrar\u00e1 enfoques m\u00e1s refinados en varios sitios en la web. En breve:<ul><li>Recorte el cabello largo con una maquinilla o unas tijeras<\/li><li>Mientras est\u00e9 en la ducha (despu\u00e9s de haber tenido agua tibia durante varios minutos), aplique crema o gel para afeitar<\/li><li>Use una navaja nueva para afeitarse toda el \u00e1rea desde el pene hacia abajo. Para obtener un afeitado suave, estire la piel ligeramente estirada<\/li><li>Aplicar una crema hidratante despu\u00e9s del secado.<\/li><\/ul><\/li><li>Si est\u00e1 usando medicamentos previos al procedimiento, rec\u00f3jalos ahora para que podamos resolver el problema si hay problemas de farmacia. Necesitar\u00e1 un controlador si est\u00e1 usando esto.<\/li><li>Acuda a la cita con sus pantalones cortos de compresi\u00f3n o sus calzoncillos de sujeci\u00f3n. Si a\u00fan no los has comprado, Walmart tiene pantalones cortos de compresi\u00f3n y est\u00e1n en el pasillo del gimnasio (con pesas, pelotas de baloncesto, etc.). Se trata de un par de calzoncillos de sujeci\u00f3n recomendados, si tiene tiempo de hacer el pedido en l\u00ednea: <a href=\"https:\/\/amzn.to\/46yxZGc\" target=\"_blank\" rel=\"noopener\">Calzoncillos<\/a> de apoyo.<\/li><li>Coloque un calentador de manos qu\u00edmico en sus pantalones cortos de compresi\u00f3n junto al escroto (saco de la bola) una hora antes de la cita. Esto ayuda a que el escroto se relaje para que el procedimiento sea m\u00e1s c\u00f3modo para usted y m\u00e1s f\u00e1cil para el m\u00e9dico.<\/li><li>D\u00fachate antes de venir a la cita<\/li><li>Si planea enviar el gasto a su seguro para que le reembolsen o para que se aplique a su deducible, llame a su seguro con anticipaci\u00f3n. Usa la informaci\u00f3n disponible <a href=\"https:\/\/govasectomy.com\/es\/aprende-mas\/\" data-redactor-span=\"true\">AQU\u00cd<\/a> (bajo Seguro) cuando habla con el seguro.<\/li><\/ul>\t\t\t\t\t\t\t\t<\/div>\n\t\t\t\t<\/div>\n\t\t\t\t\t<\/div>\n\t\t<\/div>\n\t\t\t\t\t<\/div>\n\t\t<\/section>\n\t\t\t\t<\/div>\n\t\t","protected":false},"excerpt":{"rendered":"<p>Preparaci\u00f3n para su Vasectom\u00eda No use aspirina, ibuprofeno (Advil), naproxeno (Alleve) esta semana, ya que puede diluir un poco la sangre y contribuir al sangrado. Est\u00e1 bien usar acetaminof\u00e9n (Tylenol) Mira el v\u00eddeo previo al procedimiento si a\u00fan no lo ha hecho, o si ha pasado alg\u00fan tiempo desde que lo vio por primera vez. [&hellip;]<\/p>\n","protected":false},"author":5778,"featured_media":0,"parent":0,"menu_order":0,"comment_status":"closed","ping_status":"closed","template":"","meta":{"_seopress_robots_primary_cat":"","_seopress_titles_title":"Preparaci\u00f3n para la vasectom\u00eda - Prepar\u00e1ndose para el procedimiento","_seopress_titles_desc":"Prepararse para su cita de vasectom\u00eda es f\u00e1cil. Siga nuestra gu\u00eda para conocer los pasos de preparaci\u00f3n en profundidad.","_seopress_robots_index":"","footnotes":""},"class_list":["post-770","page","type-page","status-publish","hentry"],"_links":{"self":[{"href":"https:\/\/govasectomy.com\/es\/wp-json\/wp\/v2\/pages\/770","targetHints":{"allow":["GET"]}}],"collection":[{"href":"https:\/\/govasectomy.com\/es\/wp-json\/wp\/v2\/pages"}],"about":[{"href":"https:\/\/govasectomy.com\/es\/wp-json\/wp\/v2\/types\/page"}],"author":[{"embeddable":true,"href":"https:\/\/govasectomy.com\/es\/wp-json\/wp\/v2\/users\/5778"}],"replies":[{"embeddable":true,"href":"https:\/\/govasectomy.com\/es\/wp-json\/wp\/v2\/comments?post=770"}],"version-history":[{"count":25,"href":"https:\/\/govasectomy.com\/es\/wp-json\/wp\/v2\/pages\/770\/revisions"}],"predecessor-version":[{"id":2787,"href":"https:\/\/govasectomy.com\/es\/wp-json\/wp\/v2\/pages\/770\/revisions\/2787"}],"wp:attachment":[{"href":"https:\/\/govasectomy.com\/es\/wp-json\/wp\/v2\/media?parent=770"}],"curies":[{"name":"wp","href":"https:\/\/api.w.org\/{rel}","templated":true}]}}