{"id":824,"date":"2022-02-08T17:33:41","date_gmt":"2022-02-08T17:33:41","guid":{"rendered":"https:\/\/govasectomy.com\/politica-de-privacidad\/"},"modified":"2023-01-17T22:20:31","modified_gmt":"2023-01-17T22:20:31","slug":"politica-de-privacidad","status":"publish","type":"page","link":"https:\/\/govasectomy.com\/es\/politica-de-privacidad\/","title":{"rendered":"Lea nuestra pol\u00edtica de privacidad"},"content":{"rendered":"\t\t<div data-elementor-type=\"wp-page\" data-elementor-id=\"824\" class=\"elementor elementor-824 elementor-3\" data-elementor-post-type=\"page\">\n\t\t\t\t\t\t<section class=\"elementor-section elementor-top-section elementor-element elementor-element-4cbe9067 elementor-section-boxed elementor-section-height-default elementor-section-height-default\" data-id=\"4cbe9067\" data-element_type=\"section\" data-e-type=\"section\">\n\t\t\t\t\t\t<div class=\"elementor-container elementor-column-gap-default\">\n\t\t\t\t\t<div class=\"elementor-column elementor-col-100 elementor-top-column elementor-element elementor-element-11a41240\" data-id=\"11a41240\" data-element_type=\"column\" data-e-type=\"column\">\n\t\t\t<div class=\"elementor-widget-wrap elementor-element-populated\">\n\t\t\t\t\t\t<div class=\"elementor-element elementor-element-54965b37 elementor-widget elementor-widget-text-editor\" data-id=\"54965b37\" data-element_type=\"widget\" data-e-type=\"widget\" data-widget_type=\"text-editor.default\">\n\t\t\t\t<div class=\"elementor-widget-container\">\n\t\t\t\t\t\t\t\t\t\n<p>Este aviso describe c\u00f3mo se puede usar y divulgar su informaci\u00f3n m\u00e9dica y c\u00f3mo puede tener acceso a esta informaci\u00f3n. Por favor rev\u00edselo cuidadosamente.<\/p>\n<p>Cuando se trata de su informaci\u00f3n de salud, usted tiene ciertos derechos. Esta secci\u00f3n explica sus derechos y algunas de nuestras responsabilidades para ayudarlo. Tiene derecho a:<\/p>\n<ul>\n<li>Obtener una copia electr\u00f3nica o impresa de su registro m\u00e9dico: puede solicitar ver u obtener una copia electr\u00f3nica o impresa de su registro m\u00e9dico y otra informaci\u00f3n de salud que tengamos sobre usted. Preg\u00fantenos c\u00f3mo hacer esto. Le proporcionaremos una copia o un resumen de su informaci\u00f3n de salud, generalmente dentro de los 30 d\u00edas de su solicitud. Podemos cobrar una tarifa razonable basada en el costo.<\/li>\n<li>P\u00eddanos que corrijamos su registro m\u00e9dico: puede pedirnos que corrijamos la informaci\u00f3n de salud sobre usted que considere incorrecta o incompleta. Preg\u00fantenos c\u00f3mo hacer esto. Podemos decir \u201cno\u201d a su solicitud, pero le informaremos el motivo por escrito dentro de los 60 d\u00edas.<\/li>\n<li>Solicitar comunicaciones confidenciales<\/li>\n<li>Puede pedirnos que nos comuniquemos con usted de una manera espec\u00edfica (por ejemplo, tel\u00e9fono de casa o de la oficina) o que le enviemos correo a una direcci\u00f3n diferente. Diremos \u201cs\u00ed\u201d a todas las solicitudes razonables.<\/li>\n<li>P\u00eddanos que limitemos lo que usamos o compartimos<\/li>\n<li>Puede pedirnos que no usemos o compartamos cierta informaci\u00f3n de salud para tratamientos, pagos o nuestras operaciones. No estamos obligados a aceptar su solicitud, y podemos decir \u00abno\u00bb si afectar\u00eda su atenci\u00f3n.<\/li>\n<li>Si paga un servicio o art\u00edculo de atenci\u00f3n m\u00e9dica de su bolsillo en su totalidad, puede solicitarnos que no compartamos esa informaci\u00f3n con el prop\u00f3sito de pago o nuestras operaciones con su aseguradora de salud. Diremos \u201cs\u00ed\u201d a menos que una ley nos exija compartir esa informaci\u00f3n.<\/li>\n<li>Obtener una lista de aquellos con quienes hemos compartido informaci\u00f3n<\/li>\n<li>Puede solicitar una lista (contabilidad) de las veces que compartimos su informaci\u00f3n de salud durante los seis a\u00f1os anteriores a la fecha en que la solicita, con qui\u00e9n la compartimos y por qu\u00e9. Incluiremos todas las divulgaciones, excepto las relacionadas con el tratamiento, el pago y las operaciones de atenci\u00f3n m\u00e9dica, y ciertas otras divulgaciones (como cualquiera que nos haya pedido que hagamos). Proporcionaremos una contabilidad al a\u00f1o de forma gratuita, pero le cobraremos una tarifa razonable basada en el costo si solicita otra dentro de los 12 meses.<\/li>\n<li>Obtenga una copia de este aviso de privacidad<\/li>\n<li>Puede solicitar una copia impresa de este aviso en cualquier momento, incluso si ha aceptado recibir el aviso electr\u00f3nicamente. Le proporcionaremos una copia en papel de inmediato.<\/li>\n<li>Elige a alguien para que act\u00fae por ti<\/li>\n<li>Si le ha otorgado a alguien un poder notarial m\u00e9dico o si alguien es su tutor legal, esa persona puede ejercer sus derechos y tomar decisiones sobre su informaci\u00f3n de salud.<\/li>\n<li>Nos aseguraremos de que la persona tenga esta autoridad y pueda actuar en su nombre antes de tomar cualquier medida.<\/li>\n<li>Presente una queja si siente que se violan sus derechos<\/li>\n<li>Puede quejarse si cree que hemos violado sus derechos comunic\u00e1ndose con nosotros utilizando la informaci\u00f3n en la \u00faltima p\u00e1gina.<\/li>\n<li>Puede presentar una queja ante la Oficina de Derechos Civiles del Departamento de Salud y Servicios Humanos de EE. UU. enviando una carta a 200 Independence Avenue, SW, Washington, DC 20201, llamando al 1-877-696-6775 o visitando <a href=\"http:\/\/www.hhs.gov\/ocr\/privacy\/hipaa\/complaints\/\" data-redactor-span=\"true\">www.hhs.gov \/ocr\/privacidad\/hipaa\/&#8230;<\/a> .<\/li>\n<li>No tomaremos represalias contra usted por presentar una queja.<\/li>\n<\/ul>\n<p> <\/p>\n<p>Para cierta informaci\u00f3n de salud, puede decirnos sus opciones sobre lo que compartimos. Si tiene una preferencia clara sobre c\u00f3mo compartimos su informaci\u00f3n en las situaciones que se describen a continuaci\u00f3n, hable con nosotros. D\u00edganos qu\u00e9 quiere que hagamos y seguiremos sus instrucciones. En estos casos, tiene el derecho y la opci\u00f3n de decirnos que:<\/p>\n<ul>\n<li>Comparta informaci\u00f3n con su familia, amigos cercanos u otras personas involucradas en su atenci\u00f3n.<\/li>\n<li>Compartir informaci\u00f3n en una situaci\u00f3n de socorro en casos de desastre<\/li>\n<li>Si no puede decirnos su preferencia, por ejemplo, si est\u00e1 inconsciente, podemos seguir adelante y compartir su informaci\u00f3n si creemos que es lo mejor para usted.<\/li>\n<li>Tambi\u00e9n podemos compartir su informaci\u00f3n cuando sea necesario para disminuir una amenaza grave e inminente para la salud o la seguridad.<\/li>\n<\/ul>\n<p> <\/p>\n<p>No compartimos su informaci\u00f3n en estos casos a menos que nos d\u00e9 permiso por escrito:<\/p>\n<ul>\n<li>Venta de tu informaci\u00f3n<\/li>\n<li>La mayor\u00eda de las notas de psicoterapia compartidas<\/li>\n<\/ul>\n<p> <\/p>\n<p>Por lo general, usamos o compartimos su informaci\u00f3n de salud de las siguientes maneras.<\/p>\n<ul>\n<li>Tratarle<\/li>\n<li>Podemos usar su informaci\u00f3n de salud y compartirla con otros profesionales que lo est\u00e1n tratando. Ejemplo: un m\u00e9dico que lo trata por una lesi\u00f3n le pregunta a otro m\u00e9dico sobre su estado de salud general.<\/li>\n<li>Ejecutar nuestra organizaci\u00f3n<\/li>\n<li>Podemos usar y compartir su informaci\u00f3n de salud para administrar nuestra pr\u00e1ctica, mejorar su atenci\u00f3n y comunicarnos con usted cuando sea necesario. Ejemplo: Usamos su informaci\u00f3n de salud para administrar su tratamiento y servicios.<\/li>\n<li>Factura tus servicios<\/li>\n<li>Podemos usar y compartir su informaci\u00f3n de salud para facturar y recibir pagos de planes de salud u otras entidades. Ejemplo: Damos informaci\u00f3n sobre usted a su plan de seguro m\u00e9dico para que pague por sus servicios.<\/li>\n<li>\u00bfDe qu\u00e9 otra manera podemos usar o compartir su informaci\u00f3n de salud?<\/li>\n<\/ul>\n<p> <\/p>\n<p>Se nos permite o se nos exige que compartamos su informaci\u00f3n de otras maneras, generalmente de manera que contribuya al bien p\u00fablico, como la salud p\u00fablica y la investigaci\u00f3n. Tenemos que cumplir con muchas condiciones en la ley antes de que podamos compartir su informaci\u00f3n para estos fines. Para m\u00e1s informaci\u00f3n ver: <a href=\"http:\/\/www.hhs.gov\/ocr\/privacy\/hipaa\/understanding\/consumers\/index.html.\">este enlace.<\/a> <\/p>\n<ul>\n<li>Ayuda con problemas de salud p\u00fablica y seguridad. Podemos compartir informaci\u00f3n de salud sobre usted para ciertas situaciones, tales como:<\/li>\n<li>Prevenci\u00f3n de enfermedades<\/li>\n<li>Ayudar con retiros de productos<\/li>\n<li>Notificaci\u00f3n de reacciones adversas a medicamentos<\/li>\n<li>Reportar sospechas de abuso, negligencia o violencia dom\u00e9stica<\/li>\n<li>Prevenir o reducir una amenaza grave para la salud o la seguridad de cualquier persona<\/li>\n<li>Hacer investigaci\u00f3n<\/li>\n<li>Podemos usar o compartir su informaci\u00f3n para investigaciones de salud.<\/li>\n<li>Consentir con ley<\/li>\n<li>Compartiremos informaci\u00f3n sobre usted si las leyes estatales o federales lo exigen, incluso con el<\/li>\n<li>Departamento de Salud y Servicios Humanos si quiere ver que estamos cumpliendo con la ley federal de privacidad.<\/li>\n<li>Responder a las solicitudes de donaci\u00f3n de \u00f3rganos y tejidos.<\/li>\n<li>Podemos compartir su informaci\u00f3n de salud con organizaciones de obtenci\u00f3n de \u00f3rganos.<\/li>\n<li>Trabajar con un m\u00e9dico forense o director de funeraria: podemos compartir informaci\u00f3n de salud con un m\u00e9dico forense, m\u00e9dico forense o director de funeraria cuando una persona fallece.<\/li>\n<li>Abordar la compensaci\u00f3n de los trabajadores, la aplicaci\u00f3n de la ley y otras solicitudes gubernamentales<\/li>\n<li>Podemos usar o compartir informaci\u00f3n de salud sobre usted:<\/li>\n<li>Para reclamos de compensaci\u00f3n de trabajadores<\/li>\n<li>Para fines de cumplimiento de la ley o con un oficial de cumplimiento de la ley<\/li>\n<li>Con organismos de vigilancia de la salud para actividades autorizadas por la ley<\/li>\n<li>Para funciones gubernamentales especiales, como servicios militares, de seguridad nacional y de protecci\u00f3n presidencial<\/li>\n<li>Responder a demandas y acciones legales.<\/li>\n<li>Podemos compartir su informaci\u00f3n de salud en respuesta a una orden judicial o administrativa, o en respuesta a una citaci\u00f3n.<\/li>\n<li>Estamos obligados por ley a mantener la privacidad y seguridad de su informaci\u00f3n de salud protegida.<\/li>\n<li>Le informaremos de inmediato si se produce una infracci\u00f3n que pueda haber comprometido la privacidad o la seguridad de su informaci\u00f3n.<\/li>\n<li>Debemos seguir las obligaciones y pr\u00e1cticas de privacidad descritas en este aviso y darle una copia del mismo.<\/li>\n<li>No usaremos ni compartiremos su informaci\u00f3n de otra manera que no sea la descrita aqu\u00ed, a menos que nos diga que podemos hacerlo por escrito. Si nos dice que podemos, puede cambiar de opini\u00f3n en cualquier momento. H\u00e1ganos saber por escrito si cambia de opini\u00f3n.<\/li>\n<\/ul>\n<p> <\/p>\n<p><strong>Cambios a los t\u00e9rminos de este aviso<\/strong> Podemos cambiar los t\u00e9rminos de este aviso, y los cambios se aplicar\u00e1n a toda la informaci\u00f3n que tenemos sobre usted. El nuevo aviso estar\u00e1 disponible a pedido, en nuestra oficina y en nuestro sitio web.<\/p>\n<p>Este Aviso de pr\u00e1cticas de privacidad se aplica a las siguientes organizaciones: Go Vasectomy LLC <a href=\"http:\/\/www.govasectomy.com\/\" data-redactor-span=\"true\">www.govasectomy.com<\/a> Dr.Tonozzi@gmail.com (970)404-0712 2 de diciembre de 2020<\/p>\n<p><strong>Acuerdo para usar la comunicaci\u00f3n electr\u00f3nica: <\/strong><\/p>\n<p>Acepto que soy consciente de que no se puede garantizar que la comunicaci\u00f3n electr\u00f3nica (tel\u00e9fono, correo electr\u00f3nico, texto) sea 100 % segura. Si estoy preocupado por esto, solicitar\u00e9 comunicarme por correo electr\u00f3nico o tel\u00e9fono encriptado. El correo electr\u00f3nico encriptado aumenta la complejidad de la comunicaci\u00f3n y estoy dispuesto a tolerar esa complejidad. Soy consciente de que ocurren errores y le aconsejar\u00e9 a Pro Vasectomy si he recibido algo por error. Entiendo que existe el riesgo de que mi informaci\u00f3n se env\u00ede inadvertidamente a otra persona.<\/p>\n\t\t\t\t\t\t\t\t<\/div>\n\t\t\t\t<\/div>\n\t\t\t\t\t<\/div>\n\t\t<\/div>\n\t\t\t\t\t<\/div>\n\t\t<\/section>\n\t\t\t\t<\/div>\n\t\t","protected":false},"excerpt":{"rendered":"<p>Este aviso describe c\u00f3mo se puede usar y divulgar su informaci\u00f3n m\u00e9dica y c\u00f3mo puede tener acceso a esta informaci\u00f3n. Por favor rev\u00edselo cuidadosamente. Cuando se trata de su informaci\u00f3n de salud, usted tiene ciertos derechos. Esta secci\u00f3n explica sus derechos y algunas de nuestras responsabilidades para ayudarlo. Tiene derecho a: Obtener una copia electr\u00f3nica [&hellip;]<\/p>\n","protected":false},"author":5778,"featured_media":0,"parent":0,"menu_order":0,"comment_status":"closed","ping_status":"open","template":"","meta":{"_seopress_robots_primary_cat":"","_seopress_titles_title":"Lea nuestra pol\u00edtica de privacidad","_seopress_titles_desc":"Conozca c\u00f3mo se utiliza su informaci\u00f3n personal para mejorar su experiencia en el sitio web y durante su cita.","_seopress_robots_index":"","footnotes":""},"class_list":["post-824","page","type-page","status-publish","hentry"],"_links":{"self":[{"href":"https:\/\/govasectomy.com\/es\/wp-json\/wp\/v2\/pages\/824","targetHints":{"allow":["GET"]}}],"collection":[{"href":"https:\/\/govasectomy.com\/es\/wp-json\/wp\/v2\/pages"}],"about":[{"href":"https:\/\/govasectomy.com\/es\/wp-json\/wp\/v2\/types\/page"}],"author":[{"embeddable":true,"href":"https:\/\/govasectomy.com\/es\/wp-json\/wp\/v2\/users\/5778"}],"replies":[{"embeddable":true,"href":"https:\/\/govasectomy.com\/es\/wp-json\/wp\/v2\/comments?post=824"}],"version-history":[{"count":4,"href":"https:\/\/govasectomy.com\/es\/wp-json\/wp\/v2\/pages\/824\/revisions"}],"predecessor-version":[{"id":1553,"href":"https:\/\/govasectomy.com\/es\/wp-json\/wp\/v2\/pages\/824\/revisions\/1553"}],"wp:attachment":[{"href":"https:\/\/govasectomy.com\/es\/wp-json\/wp\/v2\/media?parent=824"}],"curies":[{"name":"wp","href":"https:\/\/api.w.org\/{rel}","templated":true}]}}